{"id":226264,"date":"2021-02-23T12:35:39","date_gmt":"2021-02-23T11:35:39","guid":{"rendered":"https:\/\/inno-found.eu\/?page_id=226264"},"modified":"2021-02-23T12:39:57","modified_gmt":"2021-02-23T11:39:57","slug":"carbon-web-kft","status":"publish","type":"page","link":"https:\/\/inno-found.eu\/hu\/carbon-web-kft\/","title":{"rendered":"Carbon Web Kft."},"content":{"rendered":"<p>[et_pb_section fb_built=&#8221;1&#8243; _builder_version=&#8221;4.6.6&#8243;][et_pb_row column_structure=&#8221;1_3,1_3,1_3&#8243; _builder_version=&#8221;4.6.6&#8243;][et_pb_column type=&#8221;1_3&#8243; _builder_version=&#8221;4.6.6&#8243;][et_pb_blurb url=&#8221;https:\/\/www.carbonweb.eu&#8221; image=&#8221;https:\/\/inno-found.eu\/wp-content\/uploads\/2021\/02\/carbon-web-logo.png&#8221; alt=&#8221;carbon web kft&#8221; content_max_width=&#8221;520px&#8221; _builder_version=&#8221;4.6.6&#8243; header_font=&#8221;|800|||||||&#8221; header_font_size=&#8221;18px&#8221; custom_margin=&#8221;0px||||false|false&#8221; link_option_url=&#8221;www.carbonweb.eu&#8221;]<\/p>\n<p style=\"text-align: justify;\">Programoz\u00e1s, weboldal k\u00e9sz\u00edt\u00e9s, applik\u00e1ci\u00f3, grafika, web\u00e1ruh\u00e1z, marketing.\u00a0<\/p>\n<p>[\/et_pb_blurb][et_pb_text _builder_version=&#8221;4.6.6&#8243;]<\/p>\n<div class=\"et_pb_column et_pb_column_1_2 et_pb_column_1  et_pb_css_mix_blend_mode_passthrough\">\n<div class=\"et_pb_module et_pb_text et_pb_text_1  et_pb_text_align_left et_pb_bg_layout_light\">\n<div class=\"et_pb_text_inner\">\n<p><span><strong>Carbon Web Kft.<\/strong><\/span><br \/> <a href=\"https:\/\/www.carbonweb.eu\" title=\"Carbon Web Kft.\">www.carbonweb.eu<\/a><\/p>\n<\/div>\n<\/div>\n<\/div>\n<p>[\/et_pb_text][\/et_pb_column][et_pb_column type=&#8221;1_3&#8243; _builder_version=&#8221;4.6.6&#8243;][et_pb_blurb url=&#8221;https:\/\/bmwalkatresz.com\/&#8221; image=&#8221;https:\/\/inno-found.eu\/wp-content\/uploads\/2021\/02\/ccc-logo.png&#8221; alt=&#8221;Carbon Car Center Kft.&#8221; content_max_width=&#8221;520px&#8221; _builder_version=&#8221;4.6.6&#8243; header_font=&#8221;|800|||||||&#8221; header_font_size=&#8221;18px&#8221; custom_margin=&#8221;0px||||false|false&#8221; link_option_url=&#8221;https:\/\/bmwalkatresz.com\/&#8221;]<\/p>\n<p>Min\u0151s\u00e9gi, eredeti bontott BMW alkatr\u00e9szek sz\u00e9les v\u00e1laszt\u00e9kban, garanci\u00e1val.<\/p>\n<p>[\/et_pb_blurb][et_pb_text _builder_version=&#8221;4.6.6&#8243; text_font_size=&#8221;13px&#8221; custom_margin=&#8221;||-9px|||&#8221;]<\/p>\n<div class=\"et_pb_column et_pb_column_1_2 et_pb_column_1  et_pb_css_mix_blend_mode_passthrough\">\n<div class=\"et_pb_module et_pb_text et_pb_text_1  et_pb_text_align_left et_pb_bg_layout_light\">\n<div class=\"et_pb_text_inner\">\n<p><span><strong>Carbon Car Center Kft.\u00a0<br \/><\/strong><\/span><a href=\"https:\/\/bmwalkatresz.com\/\" title=\"Carbon Car Center Kft.\">www.bmwalkatresz.com<\/a><\/p>\n<\/div>\n<\/div>\n<\/div>\n<p>[\/et_pb_text][\/et_pb_column][et_pb_column type=&#8221;1_3&#8243; _builder_version=&#8221;4.6.6&#8243;][et_pb_blurb url=&#8221;https:\/\/www.carbonmedical.hu&#8221; image=&#8221;https:\/\/inno-found.eu\/wp-content\/uploads\/2021\/02\/carbon-Medical-logo.png&#8221; alt=&#8221;Carbon Medical&#8221; _builder_version=&#8221;4.6.6&#8243; header_font=&#8221;|800|||||||&#8221; header_font_size=&#8221;18px&#8221; link_option_url=&#8221;https:\/\/www.carbonmedical.hu&#8221; custom_margin__hover_enabled=&#8221;on|desktop&#8221;]<\/p>\n<p style=\"text-align: justify;\"><span>COVID-19 IgM\/IgG \u00e9s antig\u00e9n gyorstesztek az OGY\u00c9I enged\u00e9ly\u00e9vel k\u00e9szletr\u0151l.<\/span><\/p>\n<p>[\/et_pb_blurb][et_pb_text _builder_version=&#8221;4.6.6&#8243;]<\/p>\n<div class=\"et_pb_column et_pb_column_1_2 et_pb_column_1  et_pb_css_mix_blend_mode_passthrough\">\n<div class=\"et_pb_module et_pb_text et_pb_text_1  et_pb_text_align_left et_pb_bg_layout_light\">\n<div class=\"et_pb_text_inner\">\n<p><span><strong>Carbon Medical<\/strong><\/span><br \/> <a href=\"https:\/\/www.carbonmedical.hu\" title=\"Carbon Medical\">www.carbonmedical.hu<\/a><\/p>\n<\/div>\n<\/div>\n<\/div>\n<p>[\/et_pb_text][\/et_pb_column][\/et_pb_row][\/et_pb_section]<\/p>\n","protected":false},"excerpt":{"rendered":"<p>Programoz\u00e1s, weboldal k\u00e9sz\u00edt\u00e9s, applik\u00e1ci\u00f3, grafika, web\u00e1ruh\u00e1z, marketing.\u00a0 Carbon Web Kft. www.carbonweb.eu Min\u0151s\u00e9gi, eredeti bontott BMW alkatr\u00e9szek sz\u00e9les v\u00e1laszt\u00e9kban, garanci\u00e1val. Carbon Car Center Kft.\u00a0www.bmwalkatresz.com COVID-19 IgM\/IgG \u00e9s antig\u00e9n gyorstesztek az OGY\u00c9I enged\u00e9ly\u00e9vel k\u00e9szletr\u0151l. Carbon Medical www.carbonmedical.hu<\/p>\n","protected":false},"author":1,"featured_media":0,"parent":0,"menu_order":0,"comment_status":"closed","ping_status":"closed","template":"page-template-blank.php","meta":{"_et_pb_use_builder":"on","_et_pb_old_content":"","_et_gb_content_width":"","footnotes":""},"class_list":["post-226264","page","type-page","status-publish","hentry"],"yoast_head":"<!-- This site is optimized with the Yoast SEO plugin v27.5 - https:\/\/yoast.com\/product\/yoast-seo-wordpress\/ -->\n<title>Carbon Web Kft. - Innovative Research and Development for Health Care Non-profit Organisation<\/title>\n<meta name=\"robots\" content=\"index, follow, max-snippet:-1, max-image-preview:large, max-video-preview:-1\" \/>\n<link rel=\"canonical\" href=\"https:\/\/inno-found.eu\/hu\/carbon-web-kft\/\" \/>\n<meta property=\"og:locale\" content=\"hu_HU\" \/>\n<meta property=\"og:type\" content=\"article\" \/>\n<meta property=\"og:title\" content=\"Carbon Web Kft. - Innovative Research and Development for Health Care Non-profit Organisation\" \/>\n<meta property=\"og:description\" content=\"Programoz\u00e1s, weboldal k\u00e9sz\u00edt\u00e9s, applik\u00e1ci\u00f3, grafika, web\u00e1ruh\u00e1z, marketing.\u00a0 Carbon Web Kft. www.carbonweb.eu Min\u0151s\u00e9gi, eredeti bontott BMW alkatr\u00e9szek sz\u00e9les v\u00e1laszt\u00e9kban, garanci\u00e1val. Carbon Car Center Kft.\u00a0www.bmwalkatresz.com COVID-19 IgM\/IgG \u00e9s antig\u00e9n gyorstesztek az OGY\u00c9I enged\u00e9ly\u00e9vel k\u00e9szletr\u0151l. Carbon Medical www.carbonmedical.hu\" \/>\n<meta property=\"og:url\" content=\"https:\/\/inno-found.eu\/hu\/carbon-web-kft\/\" \/>\n<meta property=\"og:site_name\" content=\"Innovative Research and Development for Health Care Non-profit Organisation\" \/>\n<meta property=\"article:modified_time\" content=\"2021-02-23T11:39:57+00:00\" \/>\n<meta name=\"twitter:card\" content=\"summary_large_image\" \/>\n<meta name=\"twitter:label1\" content=\"Becs\u00fclt olvas\u00e1si id\u0151\" \/>\n\t<meta name=\"twitter:data1\" content=\"1 perc\" \/>\n<script type=\"application\/ld+json\" class=\"yoast-schema-graph\">{\"@context\":\"https:\\\/\\\/schema.org\",\"@graph\":[{\"@type\":\"WebPage\",\"@id\":\"https:\\\/\\\/inno-found.eu\\\/hu\\\/carbon-web-kft\\\/\",\"url\":\"https:\\\/\\\/inno-found.eu\\\/hu\\\/carbon-web-kft\\\/\",\"name\":\"Carbon Web Kft. - Innovative Research and Development for Health Care Non-profit Organisation\",\"isPartOf\":{\"@id\":\"https:\\\/\\\/inno-found.eu\\\/hu\\\/#website\"},\"datePublished\":\"2021-02-23T11:35:39+00:00\",\"dateModified\":\"2021-02-23T11:39:57+00:00\",\"breadcrumb\":{\"@id\":\"https:\\\/\\\/inno-found.eu\\\/hu\\\/carbon-web-kft\\\/#breadcrumb\"},\"inLanguage\":\"hu\",\"potentialAction\":[{\"@type\":\"ReadAction\",\"target\":[\"https:\\\/\\\/inno-found.eu\\\/hu\\\/carbon-web-kft\\\/\"]}]},{\"@type\":\"BreadcrumbList\",\"@id\":\"https:\\\/\\\/inno-found.eu\\\/hu\\\/carbon-web-kft\\\/#breadcrumb\",\"itemListElement\":[{\"@type\":\"ListItem\",\"position\":1,\"name\":\"Home\",\"item\":\"https:\\\/\\\/inno-found.eu\\\/hu\\\/\"},{\"@type\":\"ListItem\",\"position\":2,\"name\":\"Carbon Web Kft.\"}]},{\"@type\":\"WebSite\",\"@id\":\"https:\\\/\\\/inno-found.eu\\\/hu\\\/#website\",\"url\":\"https:\\\/\\\/inno-found.eu\\\/hu\\\/\",\"name\":\"Innovative Research and Development for Health Care Non-profit Organisation\",\"description\":\"IT solutions in the Health Care Industry\",\"potentialAction\":[{\"@type\":\"SearchAction\",\"target\":{\"@type\":\"EntryPoint\",\"urlTemplate\":\"https:\\\/\\\/inno-found.eu\\\/hu\\\/?s={search_term_string}\"},\"query-input\":{\"@type\":\"PropertyValueSpecification\",\"valueRequired\":true,\"valueName\":\"search_term_string\"}}],\"inLanguage\":\"hu\"}]}<\/script>\n<!-- \/ Yoast SEO plugin. -->","yoast_head_json":{"title":"Carbon Web Kft. - Innovative Research and Development for Health Care Non-profit Organisation","robots":{"index":"index","follow":"follow","max-snippet":"max-snippet:-1","max-image-preview":"max-image-preview:large","max-video-preview":"max-video-preview:-1"},"canonical":"https:\/\/inno-found.eu\/hu\/carbon-web-kft\/","og_locale":"hu_HU","og_type":"article","og_title":"Carbon Web Kft. - Innovative Research and Development for Health Care Non-profit Organisation","og_description":"Programoz\u00e1s, weboldal k\u00e9sz\u00edt\u00e9s, applik\u00e1ci\u00f3, grafika, web\u00e1ruh\u00e1z, marketing.\u00a0 Carbon Web Kft. www.carbonweb.eu Min\u0151s\u00e9gi, eredeti bontott BMW alkatr\u00e9szek sz\u00e9les v\u00e1laszt\u00e9kban, garanci\u00e1val. Carbon Car Center Kft.\u00a0www.bmwalkatresz.com COVID-19 IgM\/IgG \u00e9s antig\u00e9n gyorstesztek az OGY\u00c9I enged\u00e9ly\u00e9vel k\u00e9szletr\u0151l. Carbon Medical www.carbonmedical.hu","og_url":"https:\/\/inno-found.eu\/hu\/carbon-web-kft\/","og_site_name":"Innovative Research and Development for Health Care Non-profit Organisation","article_modified_time":"2021-02-23T11:39:57+00:00","twitter_card":"summary_large_image","twitter_misc":{"Becs\u00fclt olvas\u00e1si id\u0151":"1 perc"},"schema":{"@context":"https:\/\/schema.org","@graph":[{"@type":"WebPage","@id":"https:\/\/inno-found.eu\/hu\/carbon-web-kft\/","url":"https:\/\/inno-found.eu\/hu\/carbon-web-kft\/","name":"Carbon Web Kft. - Innovative Research and Development for Health Care Non-profit Organisation","isPartOf":{"@id":"https:\/\/inno-found.eu\/hu\/#website"},"datePublished":"2021-02-23T11:35:39+00:00","dateModified":"2021-02-23T11:39:57+00:00","breadcrumb":{"@id":"https:\/\/inno-found.eu\/hu\/carbon-web-kft\/#breadcrumb"},"inLanguage":"hu","potentialAction":[{"@type":"ReadAction","target":["https:\/\/inno-found.eu\/hu\/carbon-web-kft\/"]}]},{"@type":"BreadcrumbList","@id":"https:\/\/inno-found.eu\/hu\/carbon-web-kft\/#breadcrumb","itemListElement":[{"@type":"ListItem","position":1,"name":"Home","item":"https:\/\/inno-found.eu\/hu\/"},{"@type":"ListItem","position":2,"name":"Carbon Web Kft."}]},{"@type":"WebSite","@id":"https:\/\/inno-found.eu\/hu\/#website","url":"https:\/\/inno-found.eu\/hu\/","name":"Innovative Research and Development for Health Care Non-profit Organisation","description":"IT solutions in the Health Care Industry","potentialAction":[{"@type":"SearchAction","target":{"@type":"EntryPoint","urlTemplate":"https:\/\/inno-found.eu\/hu\/?s={search_term_string}"},"query-input":{"@type":"PropertyValueSpecification","valueRequired":true,"valueName":"search_term_string"}}],"inLanguage":"hu"}]}},"_links":{"self":[{"href":"https:\/\/inno-found.eu\/hu\/wp-json\/wp\/v2\/pages\/226264","targetHints":{"allow":["GET"]}}],"collection":[{"href":"https:\/\/inno-found.eu\/hu\/wp-json\/wp\/v2\/pages"}],"about":[{"href":"https:\/\/inno-found.eu\/hu\/wp-json\/wp\/v2\/types\/page"}],"author":[{"embeddable":true,"href":"https:\/\/inno-found.eu\/hu\/wp-json\/wp\/v2\/users\/1"}],"replies":[{"embeddable":true,"href":"https:\/\/inno-found.eu\/hu\/wp-json\/wp\/v2\/comments?post=226264"}],"version-history":[{"count":3,"href":"https:\/\/inno-found.eu\/hu\/wp-json\/wp\/v2\/pages\/226264\/revisions"}],"predecessor-version":[{"id":226275,"href":"https:\/\/inno-found.eu\/hu\/wp-json\/wp\/v2\/pages\/226264\/revisions\/226275"}],"wp:attachment":[{"href":"https:\/\/inno-found.eu\/hu\/wp-json\/wp\/v2\/media?parent=226264"}],"curies":[{"name":"wp","href":"https:\/\/api.w.org\/{rel}","templated":true}]}}