{"id":226707,"date":"2024-04-17T09:25:43","date_gmt":"2024-04-17T07:25:43","guid":{"rendered":"https:\/\/inno-found.eu\/?page_id=226707"},"modified":"2024-08-13T16:54:17","modified_gmt":"2024-08-13T14:54:17","slug":"kocogas-a-szentesi-ovodasokert","status":"publish","type":"page","link":"https:\/\/inno-found.eu\/hu\/kocogas-a-szentesi-ovodasokert\/","title":{"rendered":"Kocog\u00e1s a szentesi \u00f3vod\u00e1sok\u00e9rt"},"content":{"rendered":"<p>[et_pb_section fb_built=&#8221;1&#8243; _builder_version=&#8221;4.16&#8243; custom_padding=&#8221;||4px|||&#8221; global_colors_info=&#8221;{}&#8221;][et_pb_row _builder_version=&#8221;4.22.1&#8243; global_colors_info=&#8221;{}&#8221;][et_pb_column type=&#8221;4_4&#8243; _builder_version=&#8221;4.16&#8243; global_colors_info=&#8221;{}&#8221;][et_pb_image src=&#8221;https:\/\/inno-found.eu\/wp-content\/uploads\/2024\/04\/fb-esemeny5.png&#8221; title_text=&#8221;fb-esemeny5&#8243; _builder_version=&#8221;4.22.1&#8243; _module_preset=&#8221;default&#8221; global_colors_info=&#8221;{}&#8221;][\/et_pb_image][et_pb_text _builder_version=&#8221;4.22.1&#8243; text_text_color=&#8221;#1a1a1a&#8221; header_font=&#8221;Abel|700|||||||&#8221; header_text_color=&#8221;#333333&#8243; header_2_font=&#8221;Nunito||||||||&#8221; header_2_font_size=&#8221;24px&#8221; custom_margin=&#8221;||23px||false|false&#8221; custom_padding=&#8221;0px||||false|false&#8221; global_colors_info=&#8221;{}&#8221;]<\/p>\n<h2 style=\"text-align: center;\"><strong>PB-STEEL KOCOG\u00c1S a szentesi \u00f3vod\u00e1sok\u00e9rt<\/strong><\/h2>\n<p>[\/et_pb_text][et_pb_text _builder_version=&#8221;4.22.1&#8243; text_text_color=&#8221;#333333&#8243; text_font_size=&#8221;16px&#8221; header_font=&#8221;Abel|700|||||||&#8221; header_text_color=&#8221;#333333&#8243; header_2_font=&#8221;Nunito||||||||&#8221; header_2_font_size=&#8221;37px&#8221; custom_margin=&#8221;-17px||12px||false|false&#8221; custom_margin_tablet=&#8221;||0px||false|false&#8221; custom_margin_phone=&#8221;&#8221; custom_margin_last_edited=&#8221;on|phone&#8221; global_colors_info=&#8221;{}&#8221;]<\/p>\n<div class=\"et_pb_with_border et_pb_module et_pb_blurb et_pb_blurb_1  et_pb_text_align_justified  et_pb_blurb_position_top et_pb_bg_layout_light et_had_animation\">\n<div class=\"et_pb_blurb_content\">\n<div class=\"et_pb_blurb_container\">\n<div class=\"et_pb_blurb_description\">\n<p style=\"text-align: center;\">2024. m\u00e1jus 11. szombat<br \/>6600 Szentes, Szarvasi \u00fat 28. (volt Esze Tam\u00e1s laktanya)<\/p>\n<\/div>\n<\/div>\n<\/div>\n<\/div>\n<p>[\/et_pb_text][et_pb_text _builder_version=&#8221;4.22.1&#8243; _module_preset=&#8221;default&#8221; header_4_line_height=&#8221;1.2em&#8221; custom_margin=&#8221;26px||55px|||&#8221; global_colors_info=&#8221;{}&#8221;]<\/p>\n<div class=\"et_pb_module et_pb_text et_pb_text_0  et_pb_text_align_left et_pb_bg_layout_light\">\n<div class=\"et_pb_text_inner\">\n<h4 style=\"text-align: center;\"><strong><br \/><span class=\"react-editor-token react-editor-text-token\" data-token-id=\"0\"><\/span>A 2024. m\u00e1jus 11-\u00e9n megrendezett PB-STEEL Kocog\u00e1son a Szentesi \u00d3vod\u00e1sok\u00e9rt <\/strong><strong>\u00f6sszesen 2.000.000 Ft gy\u0171lt \u00f6ssze h\u00e1rom szentesi \u00f3vod\u00e1nak <\/strong><strong>a nevez\u00e9si d\u00edjakb\u00f3l \u00e9s az adom\u00e1nyokb\u00f3l. 9 \u00f3vod\u00e1nak a t\u00e1mogat\u00f3k aj\u00e1nd\u00e9kcsomagokkal kedveskedtek. Ezt az esem\u00e9nyt a PB-STEEL Kft., az Innovat\u00edv Kutat\u00e1s-fejleszt\u00e9s az Eg\u00e9szs\u00e9g\u00fcgy\u00e9rt Alap\u00edtv\u00e1ny \u00e9s Szentes V\u00e1ros \u00d6nkorm\u00e1nyzata k\u00f6z\u00f6sen szervezte.<\/strong><\/h4>\n<\/div>\n<\/div>\n<div class=\"et_pb_module et_pb_text et_pb_text_1  et_pb_text_align_left et_pb_bg_layout_light\">\n<div class=\"et_pb_text_inner\">\n<p style=\"text-align: center;\">Az esem\u00e9nyen rengeteg ember r\u00e9szt vett, akik a fut\u00e1son k\u00edv\u00fcl sz\u00e1mos izgalmas program k\u00f6z\u00fcl v\u00e1laszthattak. A szervez\u0151k ingyenes gyermekprogramokkal kedveskedtek, mint az ugr\u00e1l\u00f3v\u00e1r, az arcfest\u00e9s, a csill\u00e1mtetov\u00e1l\u00e1s, a hajfon\u00e1s, valamint tov\u00e1bbi interakt\u00edv j\u00e1t\u00e9kok. A k\u00f6z\u00f6s eb\u00e9d ut\u00e1n a r\u00e9sztvev\u0151k megtekinthett\u00e9k az ugr\u00f3k\u00f6telesek, a n\u00e9pt\u00e1ncsoportok \u00e9s egy\u00e9b t\u00e1nccsoportok bemutat\u00f3it. D\u00e9lut\u00e1n az Alibi egy\u00fcttes biztos\u00edtotta a remek hangulatot, 16:00-t\u00f3l pedig az \u00c1MOKFUT\u00d3K koncertj\u00e9t \u00e9lvezhette a k\u00f6z\u00f6ns\u00e9g. A tombolah\u00faz\u00e1s alkalm\u00e1val sz\u00e1mos \u00e9rt\u00e9kes aj\u00e1nd\u00e9k tatl\u00e1lt gazd\u00e1ra. A nevez\u00e9si d\u00edjakb\u00f3l \u00e9s az adom\u00e1nyokb\u00f3l befolyt 2.000.000 Ft-os \u00f6sszeg 3 szentesi \u00f3voda k\u00f6z\u00f6tt lett kisorsolva, 9 \u00f3voda pedig \u00e9rt\u00e9kes aj\u00e1nd\u00e9kcsomagokat kapott a Palincs J\u00e1t\u00e9k-T\u00e9r j\u00f3volt\u00e1b\u00f3l.<\/p>\n<\/div>\n<\/div>\n<p>[\/et_pb_text][et_pb_gallery _builder_version=&#8221;4.22.1&#8243; _module_preset=&#8221;default&#8221; gallery_ids=&#8221;226814,226810,226816,226808,226812&#8243; fullwidth=&#8221;on&#8221; hover_enabled=&#8221;0&#8243; sticky_enabled=&#8221;0&#8243;][\/et_pb_gallery][\/et_pb_column][\/et_pb_row][\/et_pb_section][et_pb_section fb_built=&#8221;1&#8243; _builder_version=&#8221;4.22.1&#8243; _module_preset=&#8221;default&#8221; custom_padding=&#8221;11px|||||&#8221; top_divider_style=&#8221;clouds&#8221; top_divider_color=&#8221;#ffffff&#8221; top_divider_color_tablet=&#8221;&#8221; top_divider_color_phone=&#8221;RGBA(255,255,255,0)&#8221; top_divider_color_last_edited=&#8221;on|phone&#8221; global_colors_info=&#8221;{}&#8221;][et_pb_row _builder_version=&#8221;4.22.1&#8243; _module_preset=&#8221;default&#8221; global_colors_info=&#8221;{}&#8221;][et_pb_column type=&#8221;4_4&#8243; _builder_version=&#8221;4.22.1&#8243; _module_preset=&#8221;default&#8221; global_colors_info=&#8221;{}&#8221;][et_pb_text _builder_version=&#8221;4.22.1&#8243; text_font=&#8221;Abhaya Libre||||||||&#8221; text_text_color=&#8221;#1a1a1a&#8221; header_font=&#8221;|700|||||||&#8221; header_text_color=&#8221;#333333&#8243; header_2_font=&#8221;Open Sans||||||||&#8221; header_2_font_size=&#8221;24px&#8221; custom_margin=&#8221;34px||34px||false|false&#8221; custom_margin_tablet=&#8221;34px||34px||false|false&#8221; custom_margin_phone=&#8221;-23px||||false|false&#8221; custom_margin_last_edited=&#8221;on|phone&#8221; custom_padding=&#8221;0px||||false|false&#8221; animation_style=&#8221;fade&#8221; animation_delay=&#8221;250ms&#8221; global_colors_info=&#8221;{}&#8221;]<\/p>\n<h2 style=\"text-align: center;\"><strong>SZERVEZ\u0150K:<\/strong><\/h2>\n<p>[\/et_pb_text][\/et_pb_column][\/et_pb_row][et_pb_row column_structure=&#8221;1_4,1_4,1_4,1_4&#8243; disabled_on=&#8221;off|off|off&#8221; _builder_version=&#8221;4.22.1&#8243; custom_margin=&#8221;-15px|auto||auto||&#8221; custom_padding=&#8221;4px|||||&#8221; global_colors_info=&#8221;{}&#8221;][et_pb_column type=&#8221;1_4&#8243; _builder_version=&#8221;4.22.1&#8243; _module_preset=&#8221;default&#8221; global_colors_info=&#8221;{}&#8221;][et_pb_image src=&#8221;https:\/\/inno-found.eu\/wp-content\/uploads\/2023\/09\/PB-STEEL-Kft.png&#8221; title_text=&#8221;PB-STEEL Kft.&#8221; url=&#8221;https:\/\/pbsteel.hu\/hu\/&#8221; url_new_window=&#8221;on&#8221; align=&#8221;center&#8221; _builder_version=&#8221;4.22.1&#8243; width=&#8221;100%&#8221; module_alignment=&#8221;center&#8221; custom_margin=&#8221;0px||||false|false&#8221; global_colors_info=&#8221;{}&#8221;][\/et_pb_image][\/et_pb_column][et_pb_column type=&#8221;1_4&#8243; _builder_version=&#8221;4.16&#8243; global_colors_info=&#8221;{}&#8221;][et_pb_image src=&#8221;https:\/\/inno-found.eu\/wp-content\/uploads\/2024\/04\/dreamhome-horizontal-black.png&#8221; alt=&#8221;Massz\u00e1zsiskola B\u00e9k\u00e9scsaba&#8221; title_text=&#8221;dreamhome&#8221; url=&#8221;https:\/\/szentes-szallas.hu\/&#8221; url_new_window=&#8221;on&#8221; align=&#8221;center&#8221; _builder_version=&#8221;4.22.1&#8243; width=&#8221;100%&#8221; module_alignment=&#8221;center&#8221; custom_margin=&#8221;-14px||||false|false&#8221; global_colors_info=&#8221;{}&#8221;][\/et_pb_image][\/et_pb_column][et_pb_column type=&#8221;1_4&#8243; _builder_version=&#8221;4.22.1&#8243; _module_preset=&#8221;default&#8221; global_colors_info=&#8221;{}&#8221;][et_pb_image src=&#8221;https:\/\/inno-found.eu\/wp-content\/uploads\/2020\/04\/Logo_271_4.png&#8221; title_text=&#8221;Logo_271_4&#8243; url=&#8221;https:\/\/inno-found.eu\/&#8221; url_new_window=&#8221;on&#8221; align=&#8221;center&#8221; _builder_version=&#8221;4.22.1&#8243; width=&#8221;100%&#8221; module_alignment=&#8221;center&#8221; custom_margin=&#8221;-3px||||false|false&#8221; global_colors_info=&#8221;{}&#8221;][\/et_pb_image][\/et_pb_column][et_pb_column type=&#8221;1_4&#8243; _builder_version=&#8221;4.22.1&#8243; _module_preset=&#8221;default&#8221; global_colors_info=&#8221;{}&#8221;][et_pb_image src=&#8221;https:\/\/inno-found.eu\/wp-content\/uploads\/2024\/04\/szentes.png&#8221; title_text=&#8221;Szentes&#8221; url=&#8221;https:\/\/www.szentes.hu\/&#8221; url_new_window=&#8221;on&#8221; align=&#8221;center&#8221; show_bottom_space_tablet=&#8221;&#8221; show_bottom_space_phone=&#8221;&#8221; show_bottom_space_last_edited=&#8221;on|phone&#8221; _builder_version=&#8221;4.22.1&#8243; width=&#8221;66%&#8221; module_alignment=&#8221;center&#8221; custom_margin=&#8221;-50px||||false|false&#8221; custom_margin_tablet=&#8221;-50px||||false|false&#8221; custom_margin_phone=&#8221;0px||||false|false&#8221; custom_margin_last_edited=&#8221;on|phone&#8221; global_colors_info=&#8221;{}&#8221;][\/et_pb_image][\/et_pb_column][\/et_pb_row][et_pb_row _builder_version=&#8221;4.22.1&#8243; _module_preset=&#8221;default&#8221; global_colors_info=&#8221;{}&#8221;][et_pb_column type=&#8221;4_4&#8243; _builder_version=&#8221;4.22.1&#8243; _module_preset=&#8221;default&#8221; global_colors_info=&#8221;{}&#8221;][et_pb_text _builder_version=&#8221;4.22.1&#8243; text_font=&#8221;Abhaya Libre||||||||&#8221; text_text_color=&#8221;#1a1a1a&#8221; header_font=&#8221;|700|||||||&#8221; header_text_color=&#8221;#333333&#8243; header_2_font=&#8221;Open Sans||||||||&#8221; header_2_font_size=&#8221;24px&#8221; custom_margin=&#8221;34px||34px||false|false&#8221; custom_margin_tablet=&#8221;34px||34px||false|false&#8221; custom_margin_phone=&#8221;-23px||||false|false&#8221; custom_margin_last_edited=&#8221;on|phone&#8221; custom_padding=&#8221;0px||||false|false&#8221; animation_style=&#8221;fade&#8221; animation_delay=&#8221;250ms&#8221; global_colors_info=&#8221;{}&#8221;]<\/p>\n<h2 style=\"text-align: center;\"><strong>F\u0150 T\u00c1MOGAT\u00d3K:<br \/><\/strong><\/h2>\n<p>[\/et_pb_text][\/et_pb_column][\/et_pb_row][et_pb_row column_structure=&#8221;1_5,1_5,1_5,1_5,1_5&#8243; disabled_on=&#8221;off|off|off&#8221; _builder_version=&#8221;4.22.1&#8243; custom_padding=&#8221;4px|||||&#8221; global_colors_info=&#8221;{}&#8221;][et_pb_column type=&#8221;1_5&#8243; _builder_version=&#8221;4.16&#8243; global_colors_info=&#8221;{}&#8221;][et_pb_image src=&#8221;https:\/\/inno-found.eu\/wp-content\/uploads\/2023\/08\/milavit-logo.png&#8221; url=&#8221;https:\/\/milavit.hu&#8221; url_new_window=&#8221;on&#8221; align=&#8221;center&#8221; _builder_version=&#8221;4.22.1&#8243; width=&#8221;100%&#8221; module_alignment=&#8221;center&#8221; global_colors_info=&#8221;{}&#8221;][\/et_pb_image][\/et_pb_column][et_pb_column type=&#8221;1_5&#8243; _builder_version=&#8221;4.16&#8243; global_colors_info=&#8221;{}&#8221;][et_pb_image src=&#8221;https:\/\/inno-found.eu\/wp-content\/uploads\/2023\/08\/cm-logo-01_1.png&#8221; url=&#8221;https:\/\/carbonmedical.hu&#8221; url_new_window=&#8221;on&#8221; align=&#8221;center&#8221; _builder_version=&#8221;4.22.1&#8243; width=&#8221;100%&#8221; module_alignment=&#8221;center&#8221; custom_margin=&#8221;||||false|false&#8221; global_colors_info=&#8221;{}&#8221;][\/et_pb_image][\/et_pb_column][et_pb_column type=&#8221;1_5&#8243; _builder_version=&#8221;4.16&#8243; global_colors_info=&#8221;{}&#8221;][et_pb_image src=&#8221;https:\/\/inno-found.eu\/wp-content\/uploads\/2023\/08\/helloleo-2.png&#8221; title_text=&#8221;HelloLeo&#8221; url=&#8221;https:\/\/helloleo.hu\/&#8221; url_new_window=&#8221;on&#8221; align=&#8221;center&#8221; _builder_version=&#8221;4.22.1&#8243; width=&#8221;100%&#8221; module_alignment=&#8221;center&#8221; custom_margin=&#8221;-8px||||false|false&#8221; custom_margin_tablet=&#8221;-8px||||false|false&#8221; custom_margin_phone=&#8221;0px||||false|false&#8221; custom_margin_last_edited=&#8221;on|phone&#8221; global_colors_info=&#8221;{}&#8221;][\/et_pb_image][\/et_pb_column][et_pb_column type=&#8221;1_5&#8243; _builder_version=&#8221;4.16&#8243; global_colors_info=&#8221;{}&#8221;][et_pb_image src=&#8221;https:\/\/inno-found.eu\/wp-content\/uploads\/2024\/04\/Palincs.jpeg&#8221; title_text=&#8221;Palincs&#8221; url=&#8221;https:\/\/g.co\/kgs\/hffPdb6&#8243; url_new_window=&#8221;on&#8221; align=&#8221;center&#8221; _builder_version=&#8221;4.22.1&#8243; width=&#8221;100%&#8221; module_alignment=&#8221;center&#8221; custom_margin=&#8221;||||false|false&#8221; global_colors_info=&#8221;{}&#8221;][\/et_pb_image][\/et_pb_column][et_pb_column type=&#8221;1_5&#8243; _builder_version=&#8221;4.16&#8243; global_colors_info=&#8221;{}&#8221;][et_pb_image src=&#8221;https:\/\/inno-found.eu\/wp-content\/uploads\/2024\/04\/alibi_logo.png&#8221; title_text=&#8221;Alibi egy\u00fcttes&#8221; url=&#8221;https:\/\/www.alibiegyuttes.hu\/&#8221; url_new_window=&#8221;on&#8221; align=&#8221;center&#8221; _builder_version=&#8221;4.22.1&#8243; width=&#8221;100%&#8221; module_alignment=&#8221;center&#8221; custom_margin=&#8221;-12px||||false|false&#8221; custom_margin_tablet=&#8221;-12px||||false|false&#8221; custom_margin_phone=&#8221;0px||||false|false&#8221; custom_margin_last_edited=&#8221;on|phone&#8221; global_colors_info=&#8221;{}&#8221;][\/et_pb_image][\/et_pb_column][\/et_pb_row][et_pb_row column_structure=&#8221;1_5,1_5,1_5,1_5,1_5&#8243; disabled_on=&#8221;off|off|off&#8221; _builder_version=&#8221;4.22.1&#8243; custom_padding=&#8221;4px|||||&#8221; global_colors_info=&#8221;{}&#8221;][et_pb_column type=&#8221;1_5&#8243; _builder_version=&#8221;4.16&#8243; global_colors_info=&#8221;{}&#8221;][et_pb_image src=&#8221;https:\/\/inno-found.eu\/wp-content\/uploads\/2024\/05\/Veradas.png&#8221; alt=&#8221;V\u00e9rad\u00e1s&#8221; title_text=&#8221;V\u00e9rad\u00e1s&#8221; url=&#8221;https:\/\/www.veradas.hu\/&#8221; url_new_window=&#8221;on&#8221; align=&#8221;center&#8221; _builder_version=&#8221;4.22.1&#8243; width=&#8221;74%&#8221; module_alignment=&#8221;center&#8221; custom_margin=&#8221;-24px||||false|false&#8221; custom_margin_tablet=&#8221;26px||||false|false&#8221; custom_margin_phone=&#8221;0px||||false|false&#8221; custom_margin_last_edited=&#8221;on|phone&#8221; global_colors_info=&#8221;{}&#8221;][\/et_pb_image][\/et_pb_column][et_pb_column type=&#8221;1_5&#8243; _builder_version=&#8221;4.16&#8243; global_colors_info=&#8221;{}&#8221;][et_pb_image src=&#8221;https:\/\/inno-found.eu\/wp-content\/uploads\/2024\/04\/Screenshot_1.jpg&#8221; alt=&#8221;H\u00e9tpettyes Katicabog\u00e1rka sz\u00f3rakoztat\u00f3 \u00e9s fejleszt\u0151 k\u00f6zpont&#8221; title_text=&#8221;H\u00e9tpettyes Katicabog\u00e1rka sz\u00f3rakoztat\u00f3 \u00e9s fejleszt\u0151 k\u00f6zpont&#8221; url=&#8221;https:\/\/www.facebook.com\/hetpettyesjatszohaz\/&#8221; url_new_window=&#8221;on&#8221; align=&#8221;center&#8221; _builder_version=&#8221;4.22.1&#8243; width=&#8221;100%&#8221; module_alignment=&#8221;center&#8221; custom_margin=&#8221;||||false|false&#8221; global_colors_info=&#8221;{}&#8221;][\/et_pb_image][\/et_pb_column][et_pb_column type=&#8221;1_5&#8243; _builder_version=&#8221;4.16&#8243; global_colors_info=&#8221;{}&#8221;][\/et_pb_column][et_pb_column type=&#8221;1_5&#8243; _builder_version=&#8221;4.16&#8243; global_colors_info=&#8221;{}&#8221;][\/et_pb_column][et_pb_column type=&#8221;1_5&#8243; _builder_version=&#8221;4.16&#8243; global_colors_info=&#8221;{}&#8221;][\/et_pb_column][\/et_pb_row][\/et_pb_section]<\/p>\n","protected":false},"excerpt":{"rendered":"<p>PB-STEEL KOCOG\u00c1S a szentesi \u00f3vod\u00e1sok\u00e9rt 2024. m\u00e1jus 11. szombat6600 Szentes, Szarvasi \u00fat 28. (volt Esze Tam\u00e1s laktanya) A 2024. m\u00e1jus 11-\u00e9n megrendezett PB-STEEL Kocog\u00e1son a Szentesi \u00d3vod\u00e1sok\u00e9rt \u00f6sszesen 2.000.000 Ft gy\u0171lt \u00f6ssze h\u00e1rom szentesi \u00f3vod\u00e1nak a nevez\u00e9si d\u00edjakb\u00f3l \u00e9s az adom\u00e1nyokb\u00f3l. 9 \u00f3vod\u00e1nak a t\u00e1mogat\u00f3k aj\u00e1nd\u00e9kcsomagokkal kedveskedtek. Ezt az esem\u00e9nyt a PB-STEEL Kft., az Innovat\u00edv [&hellip;]<\/p>\n","protected":false},"author":4,"featured_media":0,"parent":0,"menu_order":0,"comment_status":"closed","ping_status":"closed","template":"","meta":{"_et_pb_use_builder":"on","_et_pb_old_content":"","_et_gb_content_width":"","footnotes":""},"class_list":["post-226707","page","type-page","status-publish","hentry"],"yoast_head":"<!-- This site is optimized with the Yoast SEO plugin v27.5 - https:\/\/yoast.com\/product\/yoast-seo-wordpress\/ -->\n<title>Kocog\u00e1s a szentesi \u00f3vod\u00e1sok\u00e9rt - Innovative Research and Development for Health Care Non-profit Organisation<\/title>\n<meta name=\"robots\" content=\"index, follow, max-snippet:-1, max-image-preview:large, max-video-preview:-1\" \/>\n<link rel=\"canonical\" href=\"https:\/\/inno-found.eu\/hu\/kocogas-a-szentesi-ovodasokert\/\" \/>\n<meta property=\"og:locale\" content=\"hu_HU\" \/>\n<meta property=\"og:type\" content=\"article\" \/>\n<meta property=\"og:title\" content=\"Kocog\u00e1s a szentesi \u00f3vod\u00e1sok\u00e9rt - Innovative Research and Development for Health Care Non-profit Organisation\" \/>\n<meta property=\"og:description\" content=\"PB-STEEL KOCOG\u00c1S a szentesi \u00f3vod\u00e1sok\u00e9rt 2024. m\u00e1jus 11. szombat6600 Szentes, Szarvasi \u00fat 28. (volt Esze Tam\u00e1s laktanya) A 2024. m\u00e1jus 11-\u00e9n megrendezett PB-STEEL Kocog\u00e1son a Szentesi \u00d3vod\u00e1sok\u00e9rt \u00f6sszesen 2.000.000 Ft gy\u0171lt \u00f6ssze h\u00e1rom szentesi \u00f3vod\u00e1nak a nevez\u00e9si d\u00edjakb\u00f3l \u00e9s az adom\u00e1nyokb\u00f3l. 9 \u00f3vod\u00e1nak a t\u00e1mogat\u00f3k aj\u00e1nd\u00e9kcsomagokkal kedveskedtek. Ezt az esem\u00e9nyt a PB-STEEL Kft., az Innovat\u00edv [&hellip;]\" \/>\n<meta property=\"og:url\" content=\"https:\/\/inno-found.eu\/hu\/kocogas-a-szentesi-ovodasokert\/\" \/>\n<meta property=\"og:site_name\" content=\"Innovative Research and Development for Health Care Non-profit Organisation\" \/>\n<meta property=\"article:modified_time\" content=\"2024-08-13T14:54:17+00:00\" \/>\n<meta name=\"twitter:card\" content=\"summary_large_image\" \/>\n<meta name=\"twitter:label1\" content=\"Becs\u00fclt olvas\u00e1si id\u0151\" \/>\n\t<meta name=\"twitter:data1\" content=\"4 perc\" \/>\n<script type=\"application\/ld+json\" class=\"yoast-schema-graph\">{\"@context\":\"https:\\\/\\\/schema.org\",\"@graph\":[{\"@type\":\"WebPage\",\"@id\":\"https:\\\/\\\/inno-found.eu\\\/hu\\\/kocogas-a-szentesi-ovodasokert\\\/\",\"url\":\"https:\\\/\\\/inno-found.eu\\\/hu\\\/kocogas-a-szentesi-ovodasokert\\\/\",\"name\":\"Kocog\u00e1s a szentesi \u00f3vod\u00e1sok\u00e9rt - Innovative Research and Development for Health Care Non-profit Organisation\",\"isPartOf\":{\"@id\":\"https:\\\/\\\/inno-found.eu\\\/hu\\\/#website\"},\"datePublished\":\"2024-04-17T07:25:43+00:00\",\"dateModified\":\"2024-08-13T14:54:17+00:00\",\"breadcrumb\":{\"@id\":\"https:\\\/\\\/inno-found.eu\\\/hu\\\/kocogas-a-szentesi-ovodasokert\\\/#breadcrumb\"},\"inLanguage\":\"hu\",\"potentialAction\":[{\"@type\":\"ReadAction\",\"target\":[\"https:\\\/\\\/inno-found.eu\\\/hu\\\/kocogas-a-szentesi-ovodasokert\\\/\"]}]},{\"@type\":\"BreadcrumbList\",\"@id\":\"https:\\\/\\\/inno-found.eu\\\/hu\\\/kocogas-a-szentesi-ovodasokert\\\/#breadcrumb\",\"itemListElement\":[{\"@type\":\"ListItem\",\"position\":1,\"name\":\"Home\",\"item\":\"https:\\\/\\\/inno-found.eu\\\/hu\\\/\"},{\"@type\":\"ListItem\",\"position\":2,\"name\":\"Kocog\u00e1s a szentesi \u00f3vod\u00e1sok\u00e9rt\"}]},{\"@type\":\"WebSite\",\"@id\":\"https:\\\/\\\/inno-found.eu\\\/hu\\\/#website\",\"url\":\"https:\\\/\\\/inno-found.eu\\\/hu\\\/\",\"name\":\"Innovative Research and Development for Health Care Non-profit Organisation\",\"description\":\"IT solutions in the Health Care Industry\",\"potentialAction\":[{\"@type\":\"SearchAction\",\"target\":{\"@type\":\"EntryPoint\",\"urlTemplate\":\"https:\\\/\\\/inno-found.eu\\\/hu\\\/?s={search_term_string}\"},\"query-input\":{\"@type\":\"PropertyValueSpecification\",\"valueRequired\":true,\"valueName\":\"search_term_string\"}}],\"inLanguage\":\"hu\"}]}<\/script>\n<!-- \/ Yoast SEO plugin. -->","yoast_head_json":{"title":"Kocog\u00e1s a szentesi \u00f3vod\u00e1sok\u00e9rt - Innovative Research and Development for Health Care Non-profit Organisation","robots":{"index":"index","follow":"follow","max-snippet":"max-snippet:-1","max-image-preview":"max-image-preview:large","max-video-preview":"max-video-preview:-1"},"canonical":"https:\/\/inno-found.eu\/hu\/kocogas-a-szentesi-ovodasokert\/","og_locale":"hu_HU","og_type":"article","og_title":"Kocog\u00e1s a szentesi \u00f3vod\u00e1sok\u00e9rt - Innovative Research and Development for Health Care Non-profit Organisation","og_description":"PB-STEEL KOCOG\u00c1S a szentesi \u00f3vod\u00e1sok\u00e9rt 2024. m\u00e1jus 11. szombat6600 Szentes, Szarvasi \u00fat 28. (volt Esze Tam\u00e1s laktanya) A 2024. m\u00e1jus 11-\u00e9n megrendezett PB-STEEL Kocog\u00e1son a Szentesi \u00d3vod\u00e1sok\u00e9rt \u00f6sszesen 2.000.000 Ft gy\u0171lt \u00f6ssze h\u00e1rom szentesi \u00f3vod\u00e1nak a nevez\u00e9si d\u00edjakb\u00f3l \u00e9s az adom\u00e1nyokb\u00f3l. 9 \u00f3vod\u00e1nak a t\u00e1mogat\u00f3k aj\u00e1nd\u00e9kcsomagokkal kedveskedtek. Ezt az esem\u00e9nyt a PB-STEEL Kft., az Innovat\u00edv [&hellip;]","og_url":"https:\/\/inno-found.eu\/hu\/kocogas-a-szentesi-ovodasokert\/","og_site_name":"Innovative Research and Development for Health Care Non-profit Organisation","article_modified_time":"2024-08-13T14:54:17+00:00","twitter_card":"summary_large_image","twitter_misc":{"Becs\u00fclt olvas\u00e1si id\u0151":"4 perc"},"schema":{"@context":"https:\/\/schema.org","@graph":[{"@type":"WebPage","@id":"https:\/\/inno-found.eu\/hu\/kocogas-a-szentesi-ovodasokert\/","url":"https:\/\/inno-found.eu\/hu\/kocogas-a-szentesi-ovodasokert\/","name":"Kocog\u00e1s a szentesi \u00f3vod\u00e1sok\u00e9rt - Innovative Research and Development for Health Care Non-profit Organisation","isPartOf":{"@id":"https:\/\/inno-found.eu\/hu\/#website"},"datePublished":"2024-04-17T07:25:43+00:00","dateModified":"2024-08-13T14:54:17+00:00","breadcrumb":{"@id":"https:\/\/inno-found.eu\/hu\/kocogas-a-szentesi-ovodasokert\/#breadcrumb"},"inLanguage":"hu","potentialAction":[{"@type":"ReadAction","target":["https:\/\/inno-found.eu\/hu\/kocogas-a-szentesi-ovodasokert\/"]}]},{"@type":"BreadcrumbList","@id":"https:\/\/inno-found.eu\/hu\/kocogas-a-szentesi-ovodasokert\/#breadcrumb","itemListElement":[{"@type":"ListItem","position":1,"name":"Home","item":"https:\/\/inno-found.eu\/hu\/"},{"@type":"ListItem","position":2,"name":"Kocog\u00e1s a szentesi \u00f3vod\u00e1sok\u00e9rt"}]},{"@type":"WebSite","@id":"https:\/\/inno-found.eu\/hu\/#website","url":"https:\/\/inno-found.eu\/hu\/","name":"Innovative Research and Development for Health Care Non-profit Organisation","description":"IT solutions in the Health Care Industry","potentialAction":[{"@type":"SearchAction","target":{"@type":"EntryPoint","urlTemplate":"https:\/\/inno-found.eu\/hu\/?s={search_term_string}"},"query-input":{"@type":"PropertyValueSpecification","valueRequired":true,"valueName":"search_term_string"}}],"inLanguage":"hu"}]}},"_links":{"self":[{"href":"https:\/\/inno-found.eu\/hu\/wp-json\/wp\/v2\/pages\/226707","targetHints":{"allow":["GET"]}}],"collection":[{"href":"https:\/\/inno-found.eu\/hu\/wp-json\/wp\/v2\/pages"}],"about":[{"href":"https:\/\/inno-found.eu\/hu\/wp-json\/wp\/v2\/types\/page"}],"author":[{"embeddable":true,"href":"https:\/\/inno-found.eu\/hu\/wp-json\/wp\/v2\/users\/4"}],"replies":[{"embeddable":true,"href":"https:\/\/inno-found.eu\/hu\/wp-json\/wp\/v2\/comments?post=226707"}],"version-history":[{"count":29,"href":"https:\/\/inno-found.eu\/hu\/wp-json\/wp\/v2\/pages\/226707\/revisions"}],"predecessor-version":[{"id":226822,"href":"https:\/\/inno-found.eu\/hu\/wp-json\/wp\/v2\/pages\/226707\/revisions\/226822"}],"wp:attachment":[{"href":"https:\/\/inno-found.eu\/hu\/wp-json\/wp\/v2\/media?parent=226707"}],"curies":[{"name":"wp","href":"https:\/\/api.w.org\/{rel}","templated":true}]}}