{"id":313,"date":"2020-04-09T11:47:52","date_gmt":"2020-04-09T09:47:52","guid":{"rendered":"https:\/\/inno-found.eu\/?page_id=313"},"modified":"2023-09-01T13:21:04","modified_gmt":"2023-09-01T11:21:04","slug":"gyorstesztek-elterjesztese","status":"publish","type":"page","link":"https:\/\/inno-found.eu\/hu\/projektjeink\/gyorstesztek-elterjesztese\/","title":{"rendered":"Gyorstesztek elterjeszt\u00e9se"},"content":{"rendered":"<p>[et_pb_section fb_built=&#8221;1&#8243; specialty=&#8221;on&#8221; custom_padding_last_edited=&#8221;on|tablet&#8221; background_color_1=&#8221;rgba(0,0,0,0)&#8221; module_id=&#8221;design&#8221; module_class=&#8221;design&#8221; _builder_version=&#8221;4.16&#8243; background_enable_color=&#8221;off&#8221; background_color_gradient_direction=&#8221;310deg&#8221; background_enable_image=&#8221;off&#8221; background_position=&#8221;center_right&#8221; min_height=&#8221;409px&#8221; custom_margin=&#8221;-3px||||false|false&#8221; custom_margin_tablet=&#8221;||0px||false|false&#8221; custom_margin_phone=&#8221;0px||||false|false&#8221; custom_margin_last_edited=&#8221;on|phone&#8221; custom_padding=&#8221;132px||3px||false|false&#8221; custom_padding_tablet=&#8221;||0px||false|false&#8221; custom_padding_phone=&#8221;36px||||false|false&#8221; top_divider_style=&#8221;waves2&#8243; top_divider_color=&#8221;#ffffff&#8221; top_divider_height=&#8221;69px&#8221; top_divider_repeat=&#8221;1x&#8221; top_divider_height_tablet=&#8221;&#8221; top_divider_height_phone=&#8221;27px&#8221; top_divider_height_last_edited=&#8221;on|phone&#8221; bottom_divider_color=&#8221;#34ecc9&#8243; bottom_divider_height=&#8221;300px&#8221; global_colors_info=&#8221;{}&#8221;][et_pb_column type=&#8221;1_2&#8243; specialty_columns=&#8221;2&#8243; _builder_version=&#8221;4.16&#8243; custom_padding=&#8221;|||&#8221; global_colors_info=&#8221;{}&#8221; custom_padding__hover=&#8221;|||&#8221;][et_pb_row_inner _builder_version=&#8221;4.16&#8243; custom_margin=&#8221;-59px||-7px|||&#8221; global_colors_info=&#8221;{}&#8221;][et_pb_column_inner saved_specialty_column_type=&#8221;1_2&#8243; _builder_version=&#8221;4.16&#8243; global_colors_info=&#8221;{}&#8221;][et_pb_text _builder_version=&#8221;4.16&#8243; text_font=&#8221;Lato|700|||||||&#8221; text_text_color=&#8221;#34ecc9&#8243; text_font_size=&#8221;15px&#8221; header_font=&#8221;||||||||&#8221; custom_margin=&#8221;24px||6px||false|false&#8221; custom_padding=&#8221;||4px|||&#8221; animation_style=&#8221;fade&#8221; global_colors_info=&#8221;{}&#8221;]<\/p>\n<p>PROJEKTJEINK<\/p>\n<p>[\/et_pb_text][et_pb_text _builder_version=&#8221;4.16&#8243; text_text_color=&#8221;#1a1a1a&#8221; header_font=&#8221;Abel|700|||||||&#8221; header_text_color=&#8221;#333333&#8243; header_2_font=&#8221;Nunito||||||||&#8221; header_2_font_size=&#8221;37px&#8221; custom_margin=&#8221;||36px||false|false&#8221; custom_padding=&#8221;0px||||false|false&#8221; animation_style=&#8221;fade&#8221; animation_delay=&#8221;250ms&#8221; global_colors_info=&#8221;{}&#8221;]<\/p>\n<h2>Gyorstesztek elterjeszt\u00e9se<\/h2>\n<p>[\/et_pb_text][et_pb_text _builder_version=&#8221;4.16&#8243; text_text_color=&#8221;#333333&#8243; header_font=&#8221;Abel|700|||||||&#8221; header_text_color=&#8221;#333333&#8243; header_2_font=&#8221;Nunito||||||||&#8221; header_2_font_size=&#8221;37px&#8221; custom_margin=&#8221;0px||12px||false|false&#8221; custom_margin_tablet=&#8221;||0px||false|false&#8221; custom_margin_phone=&#8221;&#8221; custom_margin_last_edited=&#8221;on|phone&#8221; animation_style=&#8221;fade&#8221; animation_delay=&#8221;300ms&#8221; global_colors_info=&#8221;{}&#8221;]<\/p>\n<div class=\"et_pb_with_border et_pb_module et_pb_blurb et_pb_blurb_1  et_pb_text_align_justified  et_pb_blurb_position_top et_pb_bg_layout_light et_had_animation\">\n<div class=\"et_pb_blurb_content\">\n<div class=\"et_pb_blurb_container\">\n<div class=\"et_pb_blurb_description\">\n<p>A sz\u00e9lesk\u00f6r\u0171 orvosdiagnosztikai innov\u00e1ci\u00f3knak h\u00e1la ma m\u00e1r sz\u00e1mos betegs\u00e9g kimutathat\u00f3 mind\u00f6ssze gyorstesztek seg\u00edts\u00e9g\u00e9vel. Alap\u00edtv\u00e1nyunk arra t\u00f6rekszik, hogy ezekhez a tesztekhez minden r\u00e1szorul\u00f3 id\u0151ben \u00e9s ak\u00e1r ingyen is hozz\u00e1juthasson.<\/p>\n<p>\u00c1lland\u00f3 kapcsolatban vagyunk sz\u00e1mos orvosdiagnosztikai eszk\u00f6z\u00f6ket gy\u00e1rt\u00f3 v\u00e1llalkoz\u00e1ssal vil\u00e1gszerte, illetve folyamatosan keres\u00fcnk \u00fajabb gy\u00e1rt\u00f3kat \u00e9s eszk\u00f6z\u00f6ket term\u00e9kportf\u00f3li\u00f3nk b\u0151v\u00edt\u00e9s\u00e9re. Sajnos sz\u00e1mos alkalommal tal\u00e1lkoztunk olyan nem megb\u00edzhat\u00f3 gy\u00e1rt\u00f3kkal, akik k\u00fcl\u00f6n\u00f6sen megnehez\u00edtik munk\u00e1nkat. Ez\u00e9rt folyamatos kapcsolatban \u00e1llunk az NNGYK-val (Nemzeti N\u00e9peg\u00e9szs\u00e9g\u00fcgyi \u00e9s Gy\u00f3gyszer\u00e9szeti K\u00f6zpont, kor\u00e1bbi OGY\u00c9I), akik k\u00e9szs\u00e9gesen seg\u00edtik munk\u00e1nkat a megfelel\u0151 gy\u00e1rt\u00f3k kiv\u00e1laszt\u00e1s\u00e1ban \u00e9s a term\u00e9kek forgalomba hozatal\u00e1ban. Mivel egyes term\u00e9kek forgalomba hozatali elj\u00e1r\u00e1s\u00e1nak ideje igen hosszadalmas is lehet, \u00edgy nincsen k\u00f6nny\u0171 dolgunk, tov\u00e1bb\u00e1 megnehez\u00edti a feladatunkat az is, hogy a term\u00e9kek enged\u00e9lyez\u00e9si elj\u00e1r\u00e1sa k\u00f6lts\u00e9ges.<\/p>\n<p> H\u00e1la a sok lelkes t\u00e1mogat\u00f3nknak, napr\u00f3l napra k\u00f6zelebb ker\u00fcl\u00fcnk c\u00e9ljaink el\u00e9r\u00e9s\u00e9hez. A v\u00e9gs\u0151 c\u00e9lt\u00f3l azonban m\u00e9g messze vagyunk, amely nem m\u00e1s, mint hogy a val\u00f3ban r\u00e1szorul\u00f3k id\u0151ben, \u00e9s lehet\u0151leg ingyen meg tudj\u00e1k kapni a sz\u0171r\u00e9shez sz\u00fcks\u00e9ges eszk\u00f6z\u00f6ket.<\/p>\n<p> Amennyiben szimpatikus a kezdem\u00e9nyez\u00e9s\u00fcnk \u00e9s lehet\u0151s\u00e9ged engedi, t\u00e1mogasd alap\u00edtv\u00e1nyunkat, melyet el\u0151re is h\u00e1l\u00e1san k\u00f6sz\u00f6n\u00fcnk!<\/p>\n<\/div>\n<\/div>\n<\/div>\n<\/div>\n<p style=\"text-align: justify;\"><span><br \/> <\/span><\/p>\n<p>[\/et_pb_text][\/et_pb_column_inner][\/et_pb_row_inner][\/et_pb_column][et_pb_column type=&#8221;1_2&#8243; _builder_version=&#8221;4.16&#8243; custom_padding=&#8221;|||&#8221; global_colors_info=&#8221;{}&#8221; custom_padding__hover=&#8221;|||&#8221;][et_pb_image src=&#8221;https:\/\/inno-found.eu\/wp-content\/uploads\/2020\/04\/covid_test_2.png&#8221; _builder_version=&#8221;4.16&#8243; width=&#8221;120%&#8221; module_alignment=&#8221;center&#8221; custom_margin=&#8221;-66px|||||&#8221; global_colors_info=&#8221;{}&#8221;][\/et_pb_image][\/et_pb_column][\/et_pb_section][et_pb_section fb_built=&#8221;1&#8243; specialty=&#8221;on&#8221; custom_padding_last_edited=&#8221;on|tablet&#8221; background_color_1=&#8221;rgba(0,0,0,0)&#8221; module_id=&#8221;segitsegnyujtas&#8221; _builder_version=&#8221;4.16&#8243; background_color=&#8221;#1a1a1a&#8221; background_color_gradient_direction=&#8221;310deg&#8221; background_enable_image=&#8221;off&#8221; background_position=&#8221;center_right&#8221; custom_margin=&#8221;70px||||false|false&#8221; custom_margin_tablet=&#8221;||0px||false|false&#8221; custom_margin_phone=&#8221;0px||||false|false&#8221; custom_margin_last_edited=&#8221;on|phone&#8221; custom_padding=&#8221;132px||280px||false|false&#8221; custom_padding_tablet=&#8221;||0px||false|false&#8221; custom_padding_phone=&#8221;36px||230px||false|false&#8221; top_divider_style=&#8221;waves2&#8243; top_divider_color=&#8221;#ffffff&#8221; top_divider_height=&#8221;69px&#8221; top_divider_repeat=&#8221;1x&#8221; top_divider_height_tablet=&#8221;&#8221; top_divider_height_phone=&#8221;27px&#8221; top_divider_height_last_edited=&#8221;on|phone&#8221; bottom_divider_color=&#8221;#34ecc9&#8243; bottom_divider_height=&#8221;300px&#8221; global_colors_info=&#8221;{}&#8221;][et_pb_column type=&#8221;1_2&#8243; specialty_columns=&#8221;2&#8243; _builder_version=&#8221;4.16&#8243; custom_padding=&#8221;|||&#8221; global_colors_info=&#8221;{}&#8221; custom_padding__hover=&#8221;|||&#8221;][et_pb_row_inner _builder_version=&#8221;4.16&#8243; custom_padding=&#8221;48px||0px||false|false&#8221; global_colors_info=&#8221;{}&#8221;][et_pb_column_inner saved_specialty_column_type=&#8221;1_2&#8243; _builder_version=&#8221;4.16&#8243; global_colors_info=&#8221;{}&#8221;][et_pb_text _builder_version=&#8221;4.16&#8243; text_font=&#8221;Lato|700|||||||&#8221; text_text_color=&#8221;#34ecc9&#8243; text_font_size=&#8221;15px&#8221; header_font=&#8221;||||||||&#8221; custom_margin=&#8221;||6px||false|false&#8221; custom_padding=&#8221;||4px|||&#8221; animation_style=&#8221;fade&#8221; global_colors_info=&#8221;{}&#8221;]<\/p>\n<p>HOGYAN SEG\u00cdTHETSZ?<\/p>\n<p>[\/et_pb_text][et_pb_text _builder_version=&#8221;4.16&#8243; text_text_color=&#8221;#ffffff&#8221; header_font=&#8221;Abel|700|||||||&#8221; header_text_color=&#8221;#34ecc9&#8243; header_2_font=&#8221;Nunito||||||||&#8221; header_2_text_color=&#8221;#ffffff&#8221; header_2_font_size=&#8221;37px&#8221; custom_margin=&#8221;||36px||false|false&#8221; custom_padding=&#8221;0px||||false|false&#8221; animation_style=&#8221;fade&#8221; animation_delay=&#8221;100ms&#8221; global_colors_info=&#8221;{}&#8221;]<\/p>\n<h2>T\u00e1mogass benn\u00fcnket!<\/h2>\n<p>[\/et_pb_text][et_pb_text _builder_version=&#8221;4.16&#8243; text_text_color=&#8221;#ffffff&#8221; header_font=&#8221;Abel|700|||||||&#8221; header_text_color=&#8221;#333333&#8243; header_2_font=&#8221;Nunito||||||||&#8221; header_2_font_size=&#8221;37px&#8221; custom_margin=&#8221;0px||0px||false|false&#8221; animation_style=&#8221;fade&#8221; animation_delay=&#8221;200ms&#8221; global_colors_info=&#8221;{}&#8221;]<\/p>\n<p>Amennyiben tetszenek projektjeink \u00e9s lehet\u0151s\u00e9geid megengedik, k\u00e9r\u00fcnk, hogy t\u00e1mogasd Alap\u00edtv\u00e1nyunkat c\u00e9ljaink el\u00e9r\u00e9s\u00e9ben. K\u00f6sz\u00f6nj\u00fck!<\/p>\n<p>&nbsp;<\/p>\n<p>[\/et_pb_text][et_pb_text _builder_version=&#8221;4.22.1&#8243; text_text_color=&#8221;#ffffff&#8221; header_font=&#8221;Abel|700|||||||&#8221; header_text_color=&#8221;#333333&#8243; header_2_font=&#8221;Nunito||||||||&#8221; header_2_font_size=&#8221;37px&#8221; custom_margin=&#8221;0px||42px||false|false&#8221; animation_style=&#8221;fade&#8221; animation_delay=&#8221;200ms&#8221; hover_enabled=&#8221;0&#8243; global_colors_info=&#8221;{}&#8221; sticky_enabled=&#8221;0&#8243;]<\/p>\n<p>Ad\u00f3sz\u00e1m: 19238306-1-04<\/p>\n<p><span>Nyilv\u00e1ntart\u00e1si sz\u00e1m: 04-01-0002761<\/span><\/p>\n<p>Banksz\u00e1mla sz\u00e1m: 12600016-15454700-16739857<\/p>\n<p>[\/et_pb_text][\/et_pb_column_inner][\/et_pb_row_inner][\/et_pb_column][et_pb_column type=&#8221;1_2&#8243; _builder_version=&#8221;4.16&#8243; custom_padding=&#8221;|||&#8221; global_colors_info=&#8221;{}&#8221; custom_padding__hover=&#8221;|||&#8221;][et_pb_image src=&#8221;https:\/\/inno-found.eu\/wp-content\/uploads\/2020\/04\/donate3.png&#8221; _builder_version=&#8221;4.16&#8243; width=&#8221;94%&#8221; module_alignment=&#8221;center&#8221; global_colors_info=&#8221;{}&#8221;][\/et_pb_image][\/et_pb_column][\/et_pb_section]<\/p>\n","protected":false},"excerpt":{"rendered":"<p>PROJEKTJEINKGyorstesztek elterjeszt\u00e9se A sz\u00e9lesk\u00f6r\u0171 orvosdiagnosztikai innov\u00e1ci\u00f3knak h\u00e1la ma m\u00e1r sz\u00e1mos betegs\u00e9g kimutathat\u00f3 mind\u00f6ssze gyorstesztek seg\u00edts\u00e9g\u00e9vel. Alap\u00edtv\u00e1nyunk arra t\u00f6rekszik, hogy ezekhez a tesztekhez minden r\u00e1szorul\u00f3 id\u0151ben \u00e9s ak\u00e1r ingyen is hozz\u00e1juthasson. \u00c1lland\u00f3 kapcsolatban vagyunk sz\u00e1mos orvosdiagnosztikai eszk\u00f6z\u00f6ket gy\u00e1rt\u00f3 v\u00e1llalkoz\u00e1ssal vil\u00e1gszerte, illetve folyamatosan keres\u00fcnk \u00fajabb gy\u00e1rt\u00f3kat \u00e9s eszk\u00f6z\u00f6ket term\u00e9kportf\u00f3li\u00f3nk b\u0151v\u00edt\u00e9s\u00e9re. Sajnos sz\u00e1mos alkalommal tal\u00e1lkoztunk olyan nem megb\u00edzhat\u00f3 [&hellip;]<\/p>\n","protected":false},"author":1,"featured_media":0,"parent":470,"menu_order":0,"comment_status":"closed","ping_status":"closed","template":"","meta":{"_et_pb_use_builder":"on","_et_pb_old_content":"","_et_gb_content_width":"","footnotes":""},"class_list":["post-313","page","type-page","status-publish","hentry"],"yoast_head":"<!-- This site is optimized with the Yoast SEO plugin v27.5 - https:\/\/yoast.com\/product\/yoast-seo-wordpress\/ -->\n<title>Gyorstesztek elterjeszt\u00e9se - Innovative Research and Development for Health Care Non-profit Organisation<\/title>\n<meta name=\"robots\" content=\"index, follow, max-snippet:-1, max-image-preview:large, max-video-preview:-1\" \/>\n<link rel=\"canonical\" href=\"https:\/\/inno-found.eu\/hu\/projektjeink\/gyorstesztek-elterjesztese\/\" \/>\n<meta property=\"og:locale\" content=\"hu_HU\" \/>\n<meta property=\"og:type\" content=\"article\" \/>\n<meta property=\"og:title\" content=\"Gyorstesztek elterjeszt\u00e9se - Innovative Research and Development for Health Care Non-profit Organisation\" \/>\n<meta property=\"og:description\" content=\"PROJEKTJEINKGyorstesztek elterjeszt\u00e9se A sz\u00e9lesk\u00f6r\u0171 orvosdiagnosztikai innov\u00e1ci\u00f3knak h\u00e1la ma m\u00e1r sz\u00e1mos betegs\u00e9g kimutathat\u00f3 mind\u00f6ssze gyorstesztek seg\u00edts\u00e9g\u00e9vel. Alap\u00edtv\u00e1nyunk arra t\u00f6rekszik, hogy ezekhez a tesztekhez minden r\u00e1szorul\u00f3 id\u0151ben \u00e9s ak\u00e1r ingyen is hozz\u00e1juthasson. \u00c1lland\u00f3 kapcsolatban vagyunk sz\u00e1mos orvosdiagnosztikai eszk\u00f6z\u00f6ket gy\u00e1rt\u00f3 v\u00e1llalkoz\u00e1ssal vil\u00e1gszerte, illetve folyamatosan keres\u00fcnk \u00fajabb gy\u00e1rt\u00f3kat \u00e9s eszk\u00f6z\u00f6ket term\u00e9kportf\u00f3li\u00f3nk b\u0151v\u00edt\u00e9s\u00e9re. Sajnos sz\u00e1mos alkalommal tal\u00e1lkoztunk olyan nem megb\u00edzhat\u00f3 [&hellip;]\" \/>\n<meta property=\"og:url\" content=\"https:\/\/inno-found.eu\/hu\/projektjeink\/gyorstesztek-elterjesztese\/\" \/>\n<meta property=\"og:site_name\" content=\"Innovative Research and Development for Health Care Non-profit Organisation\" \/>\n<meta property=\"article:modified_time\" content=\"2023-09-01T11:21:04+00:00\" \/>\n<meta name=\"twitter:card\" content=\"summary_large_image\" \/>\n<meta name=\"twitter:label1\" content=\"Becs\u00fclt olvas\u00e1si id\u0151\" \/>\n\t<meta name=\"twitter:data1\" content=\"6 perc\" \/>\n<script type=\"application\/ld+json\" class=\"yoast-schema-graph\">{\"@context\":\"https:\\\/\\\/schema.org\",\"@graph\":[{\"@type\":\"WebPage\",\"@id\":\"https:\\\/\\\/inno-found.eu\\\/hu\\\/projektjeink\\\/gyorstesztek-elterjesztese\\\/\",\"url\":\"https:\\\/\\\/inno-found.eu\\\/hu\\\/projektjeink\\\/gyorstesztek-elterjesztese\\\/\",\"name\":\"Gyorstesztek elterjeszt\u00e9se - Innovative Research and Development for Health Care Non-profit Organisation\",\"isPartOf\":{\"@id\":\"https:\\\/\\\/inno-found.eu\\\/hu\\\/#website\"},\"datePublished\":\"2020-04-09T09:47:52+00:00\",\"dateModified\":\"2023-09-01T11:21:04+00:00\",\"breadcrumb\":{\"@id\":\"https:\\\/\\\/inno-found.eu\\\/hu\\\/projektjeink\\\/gyorstesztek-elterjesztese\\\/#breadcrumb\"},\"inLanguage\":\"hu\",\"potentialAction\":[{\"@type\":\"ReadAction\",\"target\":[\"https:\\\/\\\/inno-found.eu\\\/hu\\\/projektjeink\\\/gyorstesztek-elterjesztese\\\/\"]}]},{\"@type\":\"BreadcrumbList\",\"@id\":\"https:\\\/\\\/inno-found.eu\\\/hu\\\/projektjeink\\\/gyorstesztek-elterjesztese\\\/#breadcrumb\",\"itemListElement\":[{\"@type\":\"ListItem\",\"position\":1,\"name\":\"Home\",\"item\":\"https:\\\/\\\/inno-found.eu\\\/hu\\\/\"},{\"@type\":\"ListItem\",\"position\":2,\"name\":\"Projektjeink\",\"item\":\"https:\\\/\\\/inno-found.eu\\\/hu\\\/projektjeink\\\/\"},{\"@type\":\"ListItem\",\"position\":3,\"name\":\"Gyorstesztek elterjeszt\u00e9se\"}]},{\"@type\":\"WebSite\",\"@id\":\"https:\\\/\\\/inno-found.eu\\\/hu\\\/#website\",\"url\":\"https:\\\/\\\/inno-found.eu\\\/hu\\\/\",\"name\":\"Innovative Research and Development for Health Care Non-profit Organisation\",\"description\":\"IT solutions in the Health Care Industry\",\"potentialAction\":[{\"@type\":\"SearchAction\",\"target\":{\"@type\":\"EntryPoint\",\"urlTemplate\":\"https:\\\/\\\/inno-found.eu\\\/hu\\\/?s={search_term_string}\"},\"query-input\":{\"@type\":\"PropertyValueSpecification\",\"valueRequired\":true,\"valueName\":\"search_term_string\"}}],\"inLanguage\":\"hu\"}]}<\/script>\n<!-- \/ Yoast SEO plugin. -->","yoast_head_json":{"title":"Gyorstesztek elterjeszt\u00e9se - Innovative Research and Development for Health Care Non-profit Organisation","robots":{"index":"index","follow":"follow","max-snippet":"max-snippet:-1","max-image-preview":"max-image-preview:large","max-video-preview":"max-video-preview:-1"},"canonical":"https:\/\/inno-found.eu\/hu\/projektjeink\/gyorstesztek-elterjesztese\/","og_locale":"hu_HU","og_type":"article","og_title":"Gyorstesztek elterjeszt\u00e9se - Innovative Research and Development for Health Care Non-profit Organisation","og_description":"PROJEKTJEINKGyorstesztek elterjeszt\u00e9se A sz\u00e9lesk\u00f6r\u0171 orvosdiagnosztikai innov\u00e1ci\u00f3knak h\u00e1la ma m\u00e1r sz\u00e1mos betegs\u00e9g kimutathat\u00f3 mind\u00f6ssze gyorstesztek seg\u00edts\u00e9g\u00e9vel. Alap\u00edtv\u00e1nyunk arra t\u00f6rekszik, hogy ezekhez a tesztekhez minden r\u00e1szorul\u00f3 id\u0151ben \u00e9s ak\u00e1r ingyen is hozz\u00e1juthasson. \u00c1lland\u00f3 kapcsolatban vagyunk sz\u00e1mos orvosdiagnosztikai eszk\u00f6z\u00f6ket gy\u00e1rt\u00f3 v\u00e1llalkoz\u00e1ssal vil\u00e1gszerte, illetve folyamatosan keres\u00fcnk \u00fajabb gy\u00e1rt\u00f3kat \u00e9s eszk\u00f6z\u00f6ket term\u00e9kportf\u00f3li\u00f3nk b\u0151v\u00edt\u00e9s\u00e9re. Sajnos sz\u00e1mos alkalommal tal\u00e1lkoztunk olyan nem megb\u00edzhat\u00f3 [&hellip;]","og_url":"https:\/\/inno-found.eu\/hu\/projektjeink\/gyorstesztek-elterjesztese\/","og_site_name":"Innovative Research and Development for Health Care Non-profit Organisation","article_modified_time":"2023-09-01T11:21:04+00:00","twitter_card":"summary_large_image","twitter_misc":{"Becs\u00fclt olvas\u00e1si id\u0151":"6 perc"},"schema":{"@context":"https:\/\/schema.org","@graph":[{"@type":"WebPage","@id":"https:\/\/inno-found.eu\/hu\/projektjeink\/gyorstesztek-elterjesztese\/","url":"https:\/\/inno-found.eu\/hu\/projektjeink\/gyorstesztek-elterjesztese\/","name":"Gyorstesztek elterjeszt\u00e9se - Innovative Research and Development for Health Care Non-profit Organisation","isPartOf":{"@id":"https:\/\/inno-found.eu\/hu\/#website"},"datePublished":"2020-04-09T09:47:52+00:00","dateModified":"2023-09-01T11:21:04+00:00","breadcrumb":{"@id":"https:\/\/inno-found.eu\/hu\/projektjeink\/gyorstesztek-elterjesztese\/#breadcrumb"},"inLanguage":"hu","potentialAction":[{"@type":"ReadAction","target":["https:\/\/inno-found.eu\/hu\/projektjeink\/gyorstesztek-elterjesztese\/"]}]},{"@type":"BreadcrumbList","@id":"https:\/\/inno-found.eu\/hu\/projektjeink\/gyorstesztek-elterjesztese\/#breadcrumb","itemListElement":[{"@type":"ListItem","position":1,"name":"Home","item":"https:\/\/inno-found.eu\/hu\/"},{"@type":"ListItem","position":2,"name":"Projektjeink","item":"https:\/\/inno-found.eu\/hu\/projektjeink\/"},{"@type":"ListItem","position":3,"name":"Gyorstesztek elterjeszt\u00e9se"}]},{"@type":"WebSite","@id":"https:\/\/inno-found.eu\/hu\/#website","url":"https:\/\/inno-found.eu\/hu\/","name":"Innovative Research and Development for Health Care Non-profit Organisation","description":"IT solutions in the Health Care Industry","potentialAction":[{"@type":"SearchAction","target":{"@type":"EntryPoint","urlTemplate":"https:\/\/inno-found.eu\/hu\/?s={search_term_string}"},"query-input":{"@type":"PropertyValueSpecification","valueRequired":true,"valueName":"search_term_string"}}],"inLanguage":"hu"}]}},"_links":{"self":[{"href":"https:\/\/inno-found.eu\/hu\/wp-json\/wp\/v2\/pages\/313","targetHints":{"allow":["GET"]}}],"collection":[{"href":"https:\/\/inno-found.eu\/hu\/wp-json\/wp\/v2\/pages"}],"about":[{"href":"https:\/\/inno-found.eu\/hu\/wp-json\/wp\/v2\/types\/page"}],"author":[{"embeddable":true,"href":"https:\/\/inno-found.eu\/hu\/wp-json\/wp\/v2\/users\/1"}],"replies":[{"embeddable":true,"href":"https:\/\/inno-found.eu\/hu\/wp-json\/wp\/v2\/comments?post=313"}],"version-history":[{"count":15,"href":"https:\/\/inno-found.eu\/hu\/wp-json\/wp\/v2\/pages\/313\/revisions"}],"predecessor-version":[{"id":226380,"href":"https:\/\/inno-found.eu\/hu\/wp-json\/wp\/v2\/pages\/313\/revisions\/226380"}],"up":[{"embeddable":true,"href":"https:\/\/inno-found.eu\/hu\/wp-json\/wp\/v2\/pages\/470"}],"wp:attachment":[{"href":"https:\/\/inno-found.eu\/hu\/wp-json\/wp\/v2\/media?parent=313"}],"curies":[{"name":"wp","href":"https:\/\/api.w.org\/{rel}","templated":true}]}}