{"id":35,"date":"2020-03-03T15:05:35","date_gmt":"2020-03-03T14:05:35","guid":{"rendered":"https:\/\/inno-found.eu\/?page_id=35"},"modified":"2023-09-01T13:26:14","modified_gmt":"2023-09-01T11:26:14","slug":"kampany-tamogatasa","status":"publish","type":"page","link":"https:\/\/inno-found.eu\/hu\/hogyan-segithet\/kampany-tamogatasa\/","title":{"rendered":"Kamp\u00e1ny t\u00e1mogat\u00e1sa"},"content":{"rendered":"<p>[et_pb_section fb_built=&#8221;1&#8243; _builder_version=&#8221;4.16&#8243; custom_margin=&#8221;0px||||false|false&#8221; custom_padding=&#8221;24px||0px||false|false&#8221; collapsed=&#8221;off&#8221; global_colors_info=&#8221;{}&#8221;][et_pb_row column_structure=&#8221;1_2,1_2&#8243; custom_padding_last_edited=&#8221;on|phone&#8221; _builder_version=&#8221;4.16&#8243; custom_margin=&#8221;|auto|0px|auto|false|false&#8221; custom_margin_tablet=&#8221;&#8221; custom_margin_phone=&#8221;|auto|-30px|auto|false|false&#8221; custom_margin_last_edited=&#8221;on|phone&#8221; custom_padding=&#8221;||0px|||&#8221; custom_padding_tablet=&#8221;&#8221; custom_padding_phone=&#8221;||0px||false|false&#8221; global_colors_info=&#8221;{}&#8221;][et_pb_column type=&#8221;1_2&#8243; _builder_version=&#8221;4.16&#8243; global_colors_info=&#8221;{}&#8221;][et_pb_text _builder_version=&#8221;4.16&#8243; text_font=&#8221;Lato|700|||||||&#8221; text_text_color=&#8221;#34ecc9&#8243; text_font_size=&#8221;15px&#8221; header_font=&#8221;||||||||&#8221; custom_margin=&#8221;24px||6px||false|false&#8221; custom_padding=&#8221;||4px|||&#8221; animation_style=&#8221;fade&#8221; global_colors_info=&#8221;{}&#8221;]<\/p>\n<p>TEV\u00c9KENYS\u00c9G\u00dcNK<\/p>\n<p>[\/et_pb_text][et_pb_text _builder_version=&#8221;4.16&#8243; text_text_color=&#8221;#1a1a1a&#8221; header_font=&#8221;Abel|700|||||||&#8221; header_text_color=&#8221;#333333&#8243; header_2_font=&#8221;Nunito||||||||&#8221; header_2_font_size=&#8221;37px&#8221; custom_margin=&#8221;||36px||false|false&#8221; custom_margin_tablet=&#8221;&#8221; custom_margin_phone=&#8221;||-40px||false|false&#8221; custom_margin_last_edited=&#8221;on|phone&#8221; custom_padding=&#8221;0px||||false|false&#8221; animation_style=&#8221;fade&#8221; animation_delay=&#8221;250ms&#8221; global_colors_info=&#8221;{}&#8221;]<\/p>\n<h2>Projektjeink<\/h2>\n<p>[\/et_pb_text][\/et_pb_column][et_pb_column type=&#8221;1_2&#8243; _builder_version=&#8221;4.16&#8243; global_colors_info=&#8221;{}&#8221;][\/et_pb_column][\/et_pb_row][\/et_pb_section][et_pb_section fb_built=&#8221;1&#8243; custom_padding_last_edited=&#8221;on|phone&#8221; _builder_version=&#8221;4.16&#8243; custom_margin_tablet=&#8221;&#8221; custom_margin_phone=&#8221;||0px||false|false&#8221; custom_margin_last_edited=&#8221;on|phone&#8221; custom_padding=&#8221;0px|||||&#8221; custom_padding_tablet=&#8221;&#8221; custom_padding_phone=&#8221;0px||0px||false|false&#8221; global_colors_info=&#8221;{}&#8221;][et_pb_row column_structure=&#8221;1_3,1_3,1_3&#8243; _builder_version=&#8221;4.16&#8243; global_colors_info=&#8221;{}&#8221;][et_pb_column type=&#8221;1_3&#8243; _builder_version=&#8221;4.16&#8243; global_colors_info=&#8221;{}&#8221;][et_pb_blurb title=&#8221;TeleMedi App&#8221; image=&#8221;https:\/\/inno-found.eu\/wp-content\/uploads\/2020\/04\/logo_icon.png&#8221; image_icon_width=&#8221;27%&#8221; _builder_version=&#8221;4.16&#8243; header_font=&#8221;Nunito Sans|600|||||||&#8221; header_text_align=&#8221;center&#8221; header_text_color=&#8221;#333333&#8243; header_line_height=&#8221;1.8em&#8221; body_font=&#8221;Nunito Sans||||||||&#8221; body_text_color=&#8221;rgba(51,51,51,0.6)&#8221; body_font_size=&#8221;16px&#8221; background_color=&#8221;#ffffff&#8221; text_orientation=&#8221;justified&#8221; custom_margin=&#8221;|||&#8221; custom_margin_tablet=&#8221;||24px||false|false&#8221; custom_margin_phone=&#8221;||24px||false|false&#8221; custom_margin_last_edited=&#8221;on|tablet&#8221; custom_padding=&#8221;54px|36px|76px|36px|false|false&#8221; animation_style=&#8221;zoom&#8221; animation_intensity_zoom=&#8221;5%&#8221; border_radii=&#8221;on|12px|12px|12px|12px&#8221; border_color_all=&#8221;#34ecc9&#8243; border_width_top=&#8221;4px&#8221; box_shadow_style=&#8221;preset3&#8243; box_shadow_color=&#8221;rgba(34,56,101,0.12)&#8221; image_max_width=&#8221;27%&#8221; global_colors_info=&#8221;{}&#8221;]<\/p>\n<p style=\"text-align: left;\">K\u00fcl\u00f6nb\u00f6z\u0151 v\u00edrusok terjed\u00e9s\u00e9nek lass\u00edt\u00e1sa egy mobilapplik\u00e1ci\u00f3 seg\u00edts\u00e9g\u00e9vel, ami lehet\u0151v\u00e9 teszi az orvos \u00e9s beteg kontaktus n\u00e9lk\u00fcli kommunik\u00e1ci\u00f3j\u00e1t, sz\u00fcks\u00e9g eset\u00e9n a kezel\u00e9s\u00e9t, monitoroz\u00e1s\u00e1t.<\/p>\n<p>[\/et_pb_blurb][et_pb_button button_url=&#8221;https:\/\/inno-found.eu\/projektjeink\/telemedi\/&#8221; button_text=&#8221;Tudj meg t\u00f6bbet&#8221; button_alignment=&#8221;center&#8221; _builder_version=&#8221;4.16&#8243; custom_button=&#8221;on&#8221; button_text_size=&#8221;16px&#8221; button_text_color=&#8221;#34ecc9&#8243; button_bg_color=&#8221;#ffffff&#8221; button_border_width=&#8221;1px&#8221; button_border_color=&#8221;#34ecc9&#8243; button_border_radius=&#8221;100px&#8221; button_letter_spacing=&#8221;1px&#8221; button_font=&#8221;Nunito|||on|||||&#8221; button_use_icon=&#8221;off&#8221; custom_margin_tablet=&#8221;&#8221; custom_margin_phone=&#8221;||30px||false|false&#8221; custom_margin_last_edited=&#8221;on|phone&#8221; custom_padding=&#8221;8px|24px|8px|24px|false|false&#8221; box_shadow_style=&#8221;preset1&#8243; box_shadow_vertical=&#8221;8px&#8221; box_shadow_blur=&#8221;25px&#8221; box_shadow_spread=&#8221;2px&#8221; box_shadow_color=&#8221;rgba(52,236,201,0.15)&#8221; global_colors_info=&#8221;{}&#8221; button_text_color__hover_enabled=&#8221;on|hover&#8221; button_text_color__hover=&#8221;#ffffff&#8221; button_bg_color__hover_enabled=&#8221;on|desktop&#8221; button_bg_color__hover=&#8221;#34ecc9&#8243; button_bg_enable_color__hover=&#8221;on&#8221;][\/et_pb_button][\/et_pb_column][et_pb_column type=&#8221;1_3&#8243; _builder_version=&#8221;4.16&#8243; global_colors_info=&#8221;{}&#8221;][et_pb_blurb title=&#8221;Gyorstesztek elterjeszt\u00e9se&#8221; image=&#8221;https:\/\/inno-found.eu\/wp-content\/uploads\/2023\/08\/rapid-test1.png&#8221; image_icon_width=&#8221;27%&#8221; _builder_version=&#8221;4.16&#8243; header_font=&#8221;Nunito Sans|600|||||||&#8221; header_text_align=&#8221;center&#8221; header_text_color=&#8221;#333333&#8243; header_line_height=&#8221;1.8em&#8221; body_font=&#8221;Nunito Sans||||||||&#8221; body_text_color=&#8221;rgba(51,51,51,0.6)&#8221; body_font_size=&#8221;16px&#8221; background_color=&#8221;#ffffff&#8221; text_orientation=&#8221;justified&#8221; custom_margin=&#8221;|||&#8221; custom_margin_tablet=&#8221;||24px||false|false&#8221; custom_margin_phone=&#8221;&#8221; custom_margin_last_edited=&#8221;on|phone&#8221; custom_padding=&#8221;54px|36px|60px|36px|false|false&#8221; animation_style=&#8221;zoom&#8221; animation_intensity_zoom=&#8221;5%&#8221; border_radii=&#8221;on|12px|12px|12px|12px&#8221; border_color_all=&#8221;#34ecc9&#8243; border_width_top=&#8221;4px&#8221; box_shadow_style=&#8221;preset3&#8243; box_shadow_color=&#8221;rgba(34,56,101,0.12)&#8221; image_max_width=&#8221;27%&#8221; global_colors_info=&#8221;{}&#8221;]<\/p>\n<p style=\"text-align: left;\">Ma m\u00e1r sz\u00e1mos betegs\u00e9g kimutathat\u00f3 gyorstesztek seg\u00edts\u00e9g\u00e9vel. Fontosnak tartjuk, hogy ezekhez a tesztekhez minden r\u00e1szorul\u00f3 id\u0151ben \u00e9s ak\u00e1r ingyenesen is hozz\u00e1juthasson.<\/p>\n<p style=\"text-align: justify;\">[\/et_pb_blurb][et_pb_button button_url=&#8221;https:\/\/inno-found.eu\/projektjeink\/gyorstesztek-elterjesztese\/&#8221; button_text=&#8221;Tudj meg t\u00f6bbet&#8221; button_alignment=&#8221;center&#8221; _builder_version=&#8221;4.16&#8243; custom_button=&#8221;on&#8221; button_text_size=&#8221;16px&#8221; button_text_color=&#8221;#34ecc9&#8243; button_bg_color=&#8221;#ffffff&#8221; button_border_width=&#8221;1px&#8221; button_border_color=&#8221;#34ecc9&#8243; button_border_radius=&#8221;100px&#8221; button_letter_spacing=&#8221;1px&#8221; button_font=&#8221;Nunito|||on|||||&#8221; button_use_icon=&#8221;off&#8221; custom_padding=&#8221;8px|24px|8px|24px|false|false&#8221; box_shadow_style=&#8221;preset1&#8243; box_shadow_vertical=&#8221;8px&#8221; box_shadow_blur=&#8221;25px&#8221; box_shadow_spread=&#8221;2px&#8221; box_shadow_color=&#8221;rgba(52,236,201,0.15)&#8221; global_colors_info=&#8221;{}&#8221; button_text_color__hover_enabled=&#8221;on|hover&#8221; button_text_color__hover=&#8221;#ffffff&#8221; button_bg_color__hover_enabled=&#8221;on|desktop&#8221; button_bg_color__hover=&#8221;#34ecc9&#8243; button_bg_enable_color__hover=&#8221;on&#8221;][\/et_pb_button][\/et_pb_column][et_pb_column type=&#8221;1_3&#8243; _builder_version=&#8221;4.16&#8243; global_colors_info=&#8221;{}&#8221;][et_pb_blurb title=&#8221;Karitat\u00edv tev\u00e9kenys\u00e9g&#8221; image=&#8221;https:\/\/inno-found.eu\/wp-content\/uploads\/2023\/08\/handshake.png&#8221; image_icon_width=&#8221;27%&#8221; _builder_version=&#8221;4.16&#8243; header_font=&#8221;Nunito Sans|600|||||||&#8221; header_text_align=&#8221;center&#8221; header_text_color=&#8221;#333333&#8243; header_line_height=&#8221;1.8em&#8221; body_font=&#8221;Nunito Sans||||||||&#8221; body_text_color=&#8221;rgba(51,51,51,0.6)&#8221; body_font_size=&#8221;16px&#8221; background_color=&#8221;#ffffff&#8221; text_orientation=&#8221;justified&#8221; custom_margin=&#8221;|||&#8221; custom_margin_tablet=&#8221;||24px||false|false&#8221; custom_margin_phone=&#8221;&#8221; custom_margin_last_edited=&#8221;on|phone&#8221; custom_padding=&#8221;54px|36px|60px|36px|false|false&#8221; animation_style=&#8221;zoom&#8221; animation_intensity_zoom=&#8221;5%&#8221; border_radii=&#8221;on|12px|12px|12px|12px&#8221; border_color_all=&#8221;#34ecc9&#8243; border_width_top=&#8221;4px&#8221; box_shadow_style=&#8221;preset3&#8243; box_shadow_color=&#8221;rgba(34,56,101,0.12)&#8221; image_max_width=&#8221;27%&#8221; global_colors_info=&#8221;{}&#8221;]<\/p>\n<p style=\"text-align: left;\">Hisz\u00fcnk abban, hogy senkinek sem kellene egyed\u00fcl harcolnia a ritka \u00e9s komoly betegs\u00e9gekkel kapcsolatos neh\u00e9zs\u00e9gekkel. \u00d6sszefogjuk az embereket, forr\u00e1sokat biztos\u00edtsunk, k\u00f6z\u00f6ss\u00e9get \u00e9p\u00edt\u00fcnk.<\/p>\n<p style=\"text-align: justify;\">[\/et_pb_blurb][et_pb_button button_url=&#8221;https:\/\/inno-found.eu\/jotekonysagi-oromfutas-es-egeszsegnap\/&#8221; button_text=&#8221;Tudj meg t\u00f6bbet&#8221; button_alignment=&#8221;center&#8221; _builder_version=&#8221;4.22.1&#8243; custom_button=&#8221;on&#8221; button_text_size=&#8221;16px&#8221; button_text_color=&#8221;#34ecc9&#8243; button_bg_color=&#8221;#ffffff&#8221; button_border_width=&#8221;1px&#8221; button_border_color=&#8221;#34ecc9&#8243; button_border_radius=&#8221;100px&#8221; button_letter_spacing=&#8221;1px&#8221; button_font=&#8221;Nunito|||on|||||&#8221; button_use_icon=&#8221;off&#8221; custom_padding=&#8221;8px|24px|8px|24px|false|false&#8221; box_shadow_style=&#8221;preset1&#8243; box_shadow_vertical=&#8221;8px&#8221; box_shadow_blur=&#8221;25px&#8221; box_shadow_spread=&#8221;2px&#8221; box_shadow_color=&#8221;rgba(52,236,201,0.15)&#8221; global_colors_info=&#8221;{}&#8221; button_text_color__hover_enabled=&#8221;on|hover&#8221; button_text_color__hover=&#8221;#ffffff&#8221; button_bg_color__hover_enabled=&#8221;on|desktop&#8221; button_bg_color__hover=&#8221;#34ecc9&#8243; button_bg_enable_color__hover=&#8221;on&#8221;][\/et_pb_button][\/et_pb_column][\/et_pb_row][\/et_pb_section][et_pb_section fb_built=&#8221;1&#8243; specialty=&#8221;on&#8221; custom_padding_last_edited=&#8221;on|tablet&#8221; background_color_1=&#8221;rgba(0,0,0,0)&#8221; module_id=&#8221;segitsegnyujtas&#8221; _builder_version=&#8221;4.16&#8243; background_color=&#8221;#1a1a1a&#8221; background_color_gradient_direction=&#8221;310deg&#8221; background_enable_image=&#8221;off&#8221; background_position=&#8221;center_right&#8221; custom_margin=&#8221;3px||||false|false&#8221; custom_margin_tablet=&#8221;||0px||false|false&#8221; custom_margin_phone=&#8221;60px||0px||false|false&#8221; custom_margin_last_edited=&#8221;on|phone&#8221; custom_padding=&#8221;132px||279px||false|false&#8221; custom_padding_tablet=&#8221;||0px||false|false&#8221; custom_padding_phone=&#8221;36px||180px||false|false&#8221; top_divider_style=&#8221;waves2&#8243; top_divider_color=&#8221;#ffffff&#8221; top_divider_height=&#8221;69px&#8221; top_divider_repeat=&#8221;1x&#8221; top_divider_height_tablet=&#8221;&#8221; top_divider_height_phone=&#8221;27px&#8221; top_divider_height_last_edited=&#8221;on|phone&#8221; bottom_divider_color=&#8221;#34ecc9&#8243; bottom_divider_height=&#8221;300px&#8221; global_colors_info=&#8221;{}&#8221;][et_pb_column type=&#8221;1_2&#8243; specialty_columns=&#8221;2&#8243; _builder_version=&#8221;4.16&#8243; custom_padding=&#8221;|||&#8221; global_colors_info=&#8221;{}&#8221; custom_padding__hover=&#8221;|||&#8221;][et_pb_row_inner _builder_version=&#8221;4.16&#8243; custom_padding=&#8221;48px||0px||false|false&#8221; global_colors_info=&#8221;{}&#8221;][et_pb_column_inner saved_specialty_column_type=&#8221;1_2&#8243; _builder_version=&#8221;4.16&#8243; global_colors_info=&#8221;{}&#8221;][et_pb_text _builder_version=&#8221;4.16&#8243; text_font=&#8221;Lato|700|||||||&#8221; text_text_color=&#8221;#34ecc9&#8243; text_font_size=&#8221;15px&#8221; header_font=&#8221;||||||||&#8221; custom_margin=&#8221;||6px||false|false&#8221; custom_padding=&#8221;||4px|||&#8221; animation_style=&#8221;fade&#8221; global_colors_info=&#8221;{}&#8221;]<\/p>\n<p>HOGYAN SEG\u00cdTHETSZ?<\/p>\n<p>[\/et_pb_text][et_pb_text _builder_version=&#8221;4.16&#8243; text_text_color=&#8221;#ffffff&#8221; header_font=&#8221;Abel|700|||||||&#8221; header_text_color=&#8221;#34ecc9&#8243; header_2_font=&#8221;Nunito||||||||&#8221; header_2_text_color=&#8221;#ffffff&#8221; header_2_font_size=&#8221;37px&#8221; custom_margin=&#8221;||36px||false|false&#8221; custom_padding=&#8221;0px||||false|false&#8221; animation_style=&#8221;fade&#8221; animation_delay=&#8221;100ms&#8221; global_colors_info=&#8221;{}&#8221;]<\/p>\n<h2>T\u00e1mogass benn\u00fcnket!<\/h2>\n<p>[\/et_pb_text][et_pb_text _builder_version=&#8221;4.16&#8243; text_text_color=&#8221;#ffffff&#8221; header_font=&#8221;Abel|700|||||||&#8221; header_text_color=&#8221;#333333&#8243; header_2_font=&#8221;Nunito||||||||&#8221; header_2_font_size=&#8221;37px&#8221; custom_margin=&#8221;0px||0px||false|false&#8221; animation_style=&#8221;fade&#8221; animation_delay=&#8221;200ms&#8221; global_colors_info=&#8221;{}&#8221;]<\/p>\n<p>Amennyiben tetszenek projektjeink \u00e9s lehet\u0151s\u00e9geid megengedik, k\u00e9r\u00fcnk, hogy t\u00e1mogasd Alap\u00edtv\u00e1nyunkat c\u00e9ljaink el\u00e9r\u00e9s\u00e9ben. K\u00f6sz\u00f6nj\u00fck!<\/p>\n<p>&nbsp;<\/p>\n<p>[\/et_pb_text][et_pb_text _builder_version=&#8221;4.22.1&#8243; text_text_color=&#8221;#ffffff&#8221; header_font=&#8221;Abel|700|||||||&#8221; header_text_color=&#8221;#333333&#8243; header_2_font=&#8221;Nunito||||||||&#8221; header_2_font_size=&#8221;37px&#8221; custom_margin=&#8221;0px||42px||false|false&#8221; animation_style=&#8221;fade&#8221; animation_delay=&#8221;200ms&#8221; hover_enabled=&#8221;0&#8243; global_colors_info=&#8221;{}&#8221; sticky_enabled=&#8221;0&#8243;]<\/p>\n<p>Ad\u00f3sz\u00e1m: 19238306-1-04<\/p>\n<p><span>Nyilv\u00e1ntart\u00e1si sz\u00e1m: 04-01-0002761<\/span><\/p>\n<p>Banksz\u00e1mla sz\u00e1m: 12600016-15454700-16739857<\/p>\n<p>[\/et_pb_text][\/et_pb_column_inner][\/et_pb_row_inner][\/et_pb_column][et_pb_column type=&#8221;1_2&#8243; _builder_version=&#8221;4.16&#8243; custom_padding=&#8221;|||&#8221; global_colors_info=&#8221;{}&#8221; custom_padding__hover=&#8221;|||&#8221;][et_pb_image src=&#8221;https:\/\/inno-found.eu\/wp-content\/uploads\/2020\/04\/donate3.png&#8221; _builder_version=&#8221;4.16&#8243; width=&#8221;94%&#8221; module_alignment=&#8221;center&#8221; global_colors_info=&#8221;{}&#8221;][\/et_pb_image][\/et_pb_column][\/et_pb_section]<\/p>\n","protected":false},"excerpt":{"rendered":"<p>TEV\u00c9KENYS\u00c9G\u00dcNKProjektjeinkK\u00fcl\u00f6nb\u00f6z\u0151 v\u00edrusok terjed\u00e9s\u00e9nek lass\u00edt\u00e1sa egy mobilapplik\u00e1ci\u00f3 seg\u00edts\u00e9g\u00e9vel, ami lehet\u0151v\u00e9 teszi az orvos \u00e9s beteg kontaktus n\u00e9lk\u00fcli kommunik\u00e1ci\u00f3j\u00e1t, sz\u00fcks\u00e9g eset\u00e9n a kezel\u00e9s\u00e9t, monitoroz\u00e1s\u00e1t.Ma m\u00e1r sz\u00e1mos betegs\u00e9g kimutathat\u00f3 gyorstesztek seg\u00edts\u00e9g\u00e9vel. Fontosnak tartjuk, hogy ezekhez a tesztekhez minden r\u00e1szorul\u00f3 id\u0151ben \u00e9s ak\u00e1r ingyenesen is hozz\u00e1juthasson. Hisz\u00fcnk abban, hogy senkinek sem kellene egyed\u00fcl harcolnia a ritka \u00e9s komoly betegs\u00e9gekkel [&hellip;]<\/p>\n","protected":false},"author":1,"featured_media":0,"parent":97,"menu_order":0,"comment_status":"closed","ping_status":"closed","template":"","meta":{"_et_pb_use_builder":"on","_et_pb_old_content":"","_et_gb_content_width":"","footnotes":""},"class_list":["post-35","page","type-page","status-publish","hentry"],"yoast_head":"<!-- This site is optimized with the Yoast SEO plugin v27.5 - https:\/\/yoast.com\/product\/yoast-seo-wordpress\/ -->\n<title>Kamp\u00e1ny t\u00e1mogat\u00e1sa - Innovative Research and Development for Health Care Non-profit Organisation<\/title>\n<meta name=\"robots\" content=\"index, follow, max-snippet:-1, max-image-preview:large, max-video-preview:-1\" \/>\n<link rel=\"canonical\" href=\"https:\/\/inno-found.eu\/hu\/hogyan-segithet\/kampany-tamogatasa\/\" \/>\n<meta property=\"og:locale\" content=\"hu_HU\" \/>\n<meta property=\"og:type\" content=\"article\" \/>\n<meta property=\"og:title\" content=\"Kamp\u00e1ny t\u00e1mogat\u00e1sa - Innovative Research and Development for Health Care Non-profit Organisation\" \/>\n<meta property=\"og:description\" content=\"TEV\u00c9KENYS\u00c9G\u00dcNKProjektjeinkK\u00fcl\u00f6nb\u00f6z\u0151 v\u00edrusok terjed\u00e9s\u00e9nek lass\u00edt\u00e1sa egy mobilapplik\u00e1ci\u00f3 seg\u00edts\u00e9g\u00e9vel, ami lehet\u0151v\u00e9 teszi az orvos \u00e9s beteg kontaktus n\u00e9lk\u00fcli kommunik\u00e1ci\u00f3j\u00e1t, sz\u00fcks\u00e9g eset\u00e9n a kezel\u00e9s\u00e9t, monitoroz\u00e1s\u00e1t.Ma m\u00e1r sz\u00e1mos betegs\u00e9g kimutathat\u00f3 gyorstesztek seg\u00edts\u00e9g\u00e9vel. Fontosnak tartjuk, hogy ezekhez a tesztekhez minden r\u00e1szorul\u00f3 id\u0151ben \u00e9s ak\u00e1r ingyenesen is hozz\u00e1juthasson. Hisz\u00fcnk abban, hogy senkinek sem kellene egyed\u00fcl harcolnia a ritka \u00e9s komoly betegs\u00e9gekkel [&hellip;]\" \/>\n<meta property=\"og:url\" content=\"https:\/\/inno-found.eu\/hu\/hogyan-segithet\/kampany-tamogatasa\/\" \/>\n<meta property=\"og:site_name\" content=\"Innovative Research and Development for Health Care Non-profit Organisation\" \/>\n<meta property=\"article:modified_time\" content=\"2023-09-01T11:26:14+00:00\" \/>\n<meta name=\"twitter:card\" content=\"summary_large_image\" \/>\n<meta name=\"twitter:label1\" content=\"Becs\u00fclt olvas\u00e1si id\u0151\" \/>\n\t<meta name=\"twitter:data1\" content=\"8 perc\" \/>\n<script type=\"application\/ld+json\" class=\"yoast-schema-graph\">{\"@context\":\"https:\\\/\\\/schema.org\",\"@graph\":[{\"@type\":\"WebPage\",\"@id\":\"https:\\\/\\\/inno-found.eu\\\/hu\\\/hogyan-segithet\\\/kampany-tamogatasa\\\/\",\"url\":\"https:\\\/\\\/inno-found.eu\\\/hu\\\/hogyan-segithet\\\/kampany-tamogatasa\\\/\",\"name\":\"Kamp\u00e1ny t\u00e1mogat\u00e1sa - Innovative Research and Development for Health Care Non-profit Organisation\",\"isPartOf\":{\"@id\":\"https:\\\/\\\/inno-found.eu\\\/hu\\\/#website\"},\"datePublished\":\"2020-03-03T14:05:35+00:00\",\"dateModified\":\"2023-09-01T11:26:14+00:00\",\"breadcrumb\":{\"@id\":\"https:\\\/\\\/inno-found.eu\\\/hu\\\/hogyan-segithet\\\/kampany-tamogatasa\\\/#breadcrumb\"},\"inLanguage\":\"hu\",\"potentialAction\":[{\"@type\":\"ReadAction\",\"target\":[\"https:\\\/\\\/inno-found.eu\\\/hu\\\/hogyan-segithet\\\/kampany-tamogatasa\\\/\"]}]},{\"@type\":\"BreadcrumbList\",\"@id\":\"https:\\\/\\\/inno-found.eu\\\/hu\\\/hogyan-segithet\\\/kampany-tamogatasa\\\/#breadcrumb\",\"itemListElement\":[{\"@type\":\"ListItem\",\"position\":1,\"name\":\"Home\",\"item\":\"https:\\\/\\\/inno-found.eu\\\/hu\\\/\"},{\"@type\":\"ListItem\",\"position\":2,\"name\":\"Hogyan seg\u00edthet\",\"item\":\"https:\\\/\\\/inno-found.eu\\\/hu\\\/hogyan-segithet\\\/\"},{\"@type\":\"ListItem\",\"position\":3,\"name\":\"Kamp\u00e1ny t\u00e1mogat\u00e1sa\"}]},{\"@type\":\"WebSite\",\"@id\":\"https:\\\/\\\/inno-found.eu\\\/hu\\\/#website\",\"url\":\"https:\\\/\\\/inno-found.eu\\\/hu\\\/\",\"name\":\"Innovative Research and Development for Health Care Non-profit Organisation\",\"description\":\"IT solutions in the Health Care Industry\",\"potentialAction\":[{\"@type\":\"SearchAction\",\"target\":{\"@type\":\"EntryPoint\",\"urlTemplate\":\"https:\\\/\\\/inno-found.eu\\\/hu\\\/?s={search_term_string}\"},\"query-input\":{\"@type\":\"PropertyValueSpecification\",\"valueRequired\":true,\"valueName\":\"search_term_string\"}}],\"inLanguage\":\"hu\"}]}<\/script>\n<!-- \/ Yoast SEO plugin. -->","yoast_head_json":{"title":"Kamp\u00e1ny t\u00e1mogat\u00e1sa - Innovative Research and Development for Health Care Non-profit Organisation","robots":{"index":"index","follow":"follow","max-snippet":"max-snippet:-1","max-image-preview":"max-image-preview:large","max-video-preview":"max-video-preview:-1"},"canonical":"https:\/\/inno-found.eu\/hu\/hogyan-segithet\/kampany-tamogatasa\/","og_locale":"hu_HU","og_type":"article","og_title":"Kamp\u00e1ny t\u00e1mogat\u00e1sa - Innovative Research and Development for Health Care Non-profit Organisation","og_description":"TEV\u00c9KENYS\u00c9G\u00dcNKProjektjeinkK\u00fcl\u00f6nb\u00f6z\u0151 v\u00edrusok terjed\u00e9s\u00e9nek lass\u00edt\u00e1sa egy mobilapplik\u00e1ci\u00f3 seg\u00edts\u00e9g\u00e9vel, ami lehet\u0151v\u00e9 teszi az orvos \u00e9s beteg kontaktus n\u00e9lk\u00fcli kommunik\u00e1ci\u00f3j\u00e1t, sz\u00fcks\u00e9g eset\u00e9n a kezel\u00e9s\u00e9t, monitoroz\u00e1s\u00e1t.Ma m\u00e1r sz\u00e1mos betegs\u00e9g kimutathat\u00f3 gyorstesztek seg\u00edts\u00e9g\u00e9vel. Fontosnak tartjuk, hogy ezekhez a tesztekhez minden r\u00e1szorul\u00f3 id\u0151ben \u00e9s ak\u00e1r ingyenesen is hozz\u00e1juthasson. Hisz\u00fcnk abban, hogy senkinek sem kellene egyed\u00fcl harcolnia a ritka \u00e9s komoly betegs\u00e9gekkel [&hellip;]","og_url":"https:\/\/inno-found.eu\/hu\/hogyan-segithet\/kampany-tamogatasa\/","og_site_name":"Innovative Research and Development for Health Care Non-profit Organisation","article_modified_time":"2023-09-01T11:26:14+00:00","twitter_card":"summary_large_image","twitter_misc":{"Becs\u00fclt olvas\u00e1si id\u0151":"8 perc"},"schema":{"@context":"https:\/\/schema.org","@graph":[{"@type":"WebPage","@id":"https:\/\/inno-found.eu\/hu\/hogyan-segithet\/kampany-tamogatasa\/","url":"https:\/\/inno-found.eu\/hu\/hogyan-segithet\/kampany-tamogatasa\/","name":"Kamp\u00e1ny t\u00e1mogat\u00e1sa - Innovative Research and Development for Health Care Non-profit Organisation","isPartOf":{"@id":"https:\/\/inno-found.eu\/hu\/#website"},"datePublished":"2020-03-03T14:05:35+00:00","dateModified":"2023-09-01T11:26:14+00:00","breadcrumb":{"@id":"https:\/\/inno-found.eu\/hu\/hogyan-segithet\/kampany-tamogatasa\/#breadcrumb"},"inLanguage":"hu","potentialAction":[{"@type":"ReadAction","target":["https:\/\/inno-found.eu\/hu\/hogyan-segithet\/kampany-tamogatasa\/"]}]},{"@type":"BreadcrumbList","@id":"https:\/\/inno-found.eu\/hu\/hogyan-segithet\/kampany-tamogatasa\/#breadcrumb","itemListElement":[{"@type":"ListItem","position":1,"name":"Home","item":"https:\/\/inno-found.eu\/hu\/"},{"@type":"ListItem","position":2,"name":"Hogyan seg\u00edthet","item":"https:\/\/inno-found.eu\/hu\/hogyan-segithet\/"},{"@type":"ListItem","position":3,"name":"Kamp\u00e1ny t\u00e1mogat\u00e1sa"}]},{"@type":"WebSite","@id":"https:\/\/inno-found.eu\/hu\/#website","url":"https:\/\/inno-found.eu\/hu\/","name":"Innovative Research and Development for Health Care Non-profit Organisation","description":"IT solutions in the Health Care Industry","potentialAction":[{"@type":"SearchAction","target":{"@type":"EntryPoint","urlTemplate":"https:\/\/inno-found.eu\/hu\/?s={search_term_string}"},"query-input":{"@type":"PropertyValueSpecification","valueRequired":true,"valueName":"search_term_string"}}],"inLanguage":"hu"}]}},"_links":{"self":[{"href":"https:\/\/inno-found.eu\/hu\/wp-json\/wp\/v2\/pages\/35","targetHints":{"allow":["GET"]}}],"collection":[{"href":"https:\/\/inno-found.eu\/hu\/wp-json\/wp\/v2\/pages"}],"about":[{"href":"https:\/\/inno-found.eu\/hu\/wp-json\/wp\/v2\/types\/page"}],"author":[{"embeddable":true,"href":"https:\/\/inno-found.eu\/hu\/wp-json\/wp\/v2\/users\/1"}],"replies":[{"embeddable":true,"href":"https:\/\/inno-found.eu\/hu\/wp-json\/wp\/v2\/comments?post=35"}],"version-history":[{"count":17,"href":"https:\/\/inno-found.eu\/hu\/wp-json\/wp\/v2\/pages\/35\/revisions"}],"predecessor-version":[{"id":226381,"href":"https:\/\/inno-found.eu\/hu\/wp-json\/wp\/v2\/pages\/35\/revisions\/226381"}],"up":[{"embeddable":true,"href":"https:\/\/inno-found.eu\/hu\/wp-json\/wp\/v2\/pages\/97"}],"wp:attachment":[{"href":"https:\/\/inno-found.eu\/hu\/wp-json\/wp\/v2\/media?parent=35"}],"curies":[{"name":"wp","href":"https:\/\/api.w.org\/{rel}","templated":true}]}}