{"id":67,"date":"2020-03-03T16:01:05","date_gmt":"2020-03-03T15:01:05","guid":{"rendered":"https:\/\/inno-found.eu\/?page_id=67"},"modified":"2023-08-30T12:16:15","modified_gmt":"2023-08-30T10:16:15","slug":"rolunk","status":"publish","type":"page","link":"https:\/\/inno-found.eu\/hu\/rolunk\/","title":{"rendered":"R\u00f3lunk"},"content":{"rendered":"<p>[et_pb_section fb_built=&#8221;1&#8243; specialty=&#8221;on&#8221; custom_padding_last_edited=&#8221;on|desktop&#8221; module_id=&#8221;bemutatkozas&#8221; _builder_version=&#8221;4.4.3&#8243; background_color=&#8221;#ffffff&#8221; background_enable_image=&#8221;off&#8221; background_position=&#8221;center_right&#8221; custom_margin=&#8221;||1px||false|false&#8221; custom_margin_tablet=&#8221;||0px||false|false&#8221; custom_margin_phone=&#8221;&#8221; custom_margin_last_edited=&#8221;on|phone&#8221; custom_padding=&#8221;80px||0px||false|false&#8221; custom_padding_tablet=&#8221;&#8221; custom_padding_phone=&#8221;36px||||false|false&#8221; bottom_divider_height=&#8221;127px&#8221;][et_pb_column type=&#8221;1_2&#8243; specialty_columns=&#8221;2&#8243; _builder_version=&#8221;3.25&#8243; custom_padding=&#8221;|||&#8221; custom_padding__hover=&#8221;|||&#8221;][et_pb_row_inner _builder_version=&#8221;4.4.2&#8243; custom_padding=&#8221;0px||0px|||&#8221;][et_pb_column_inner saved_specialty_column_type=&#8221;1_2&#8243; _builder_version=&#8221;4.2.2&#8243;][et_pb_text _builder_version=&#8221;4.4.3&#8243; text_font=&#8221;Lato|700|||||||&#8221; text_text_color=&#8221;#34ecc9&#8243; text_font_size=&#8221;15px&#8221; header_font=&#8221;||||||||&#8221; custom_margin=&#8221;||6px||false|false&#8221; custom_padding=&#8221;||4px|||&#8221; animation_style=&#8221;fade&#8221;]<\/p>\n<p>R\u00d3LUNK<\/p>\n<p>[\/et_pb_text][et_pb_text _builder_version=&#8221;4.4.3&#8243; text_text_color=&#8221;#ffffff&#8221; header_font=&#8221;Abel|700|||||||&#8221; header_text_color=&#8221;#000000&#8243; header_2_font=&#8221;Nunito||||||||&#8221; header_2_text_color=&#8221;#1a1a1a&#8221; header_2_font_size=&#8221;37px&#8221; custom_margin=&#8221;||36px||false|false&#8221; custom_padding=&#8221;0px||||false|false&#8221; animation_style=&#8221;fade&#8221; animation_delay=&#8221;250ms&#8221;]<\/p>\n<h2>Misszi\u00f3nk<\/h2>\n<p>[\/et_pb_text][et_pb_text _builder_version=&#8221;4.4.3&#8243; text_text_color=&#8221;#1a1a1&#8243; header_font=&#8221;Abel|700|||||||&#8221; header_text_color=&#8221;#333333&#8243; header_2_font=&#8221;Nunito||||||||&#8221; header_2_font_size=&#8221;37px&#8221; custom_margin=&#8221;0px||42px||false|false&#8221; animation_style=&#8221;fade&#8221; animation_delay=&#8221;300ms&#8221; hover_enabled=&#8221;0&#8243;]<\/p>\n<p style=\"text-align: justify;\">Alap\u00edtv\u00e1nyunk elt\u00f6k\u00e9lt sz\u00e1nd\u00e9ka, hogy innovat\u00edv megold\u00e1sok r\u00e9v\u00e9n sz\u00e1mos hasznos \u00faj\u00edt\u00e1s ker\u00fclhessen az eg\u00e9szs\u00e9g\u00fcgybe, amely megk\u00f6nny\u00edtheti vagy adott esetben meghosszabb\u00edthatja polg\u00e1rt\u00e1sraink \u00e9let\u00e9t. Nagy hangs\u00falyt fektet\u00fcnk a prevenci\u00f3ra, \u00e9s a korai diagnosztik\u00e1ra, ez\u00e9rt sz\u00e1mos kezdem\u00e9nyez\u00e9s\u00fcnkben szerepel okoseszk\u00f6z\u00f6k lehet\u0151s\u00e9geinek kiakn\u00e1z\u00e1sa. Ezen k\u00e9sz\u00fcl\u00e9kek haszn\u00e1l\u00f3i nem is gondoln\u00e1k, hogy egy ilyen technika ak\u00e1r \u00e9letment\u0151 is lehet.<\/p>\n<p style=\"text-align: justify;\">A diagnosztika ter\u00fclet\u00e9n folyamatosan azon dolgozunk, hogy minden r\u00e1szorul\u00f3 id\u0151ben hozz\u00e1juthasson ak\u00e1r otthon is felhaszn\u00e1lhat\u00f3 eg\u00e9szs\u00e9g\u00fcgyi gyorstesztekhez, ezzel el\u0151seg\u00edtve a diagn\u00f3zisok gyorsabb fel\u00e1ll\u00edt\u00e1s\u00e1t.<\/p>\n<p style=\"text-align: justify;\">Alap\u00edtv\u00e1nyunk tov\u00e1bb\u00e1 egy olyan elk\u00f6telezett k\u00f6z\u00f6ss\u00e9g, amelynek c\u00e9lja a ritka betegs\u00e9gekben szenved\u0151 emberek \u00e9letmin\u0151s\u00e9g\u00e9nek jav\u00edt\u00e1sa \u00e9s t\u00e1mogat\u00e1sa. Ezek a betegs\u00e9gek gyakran megnehez\u00edtik az \u00e9rintettek mindennapi \u00e9let\u00e9t, \u00e9s a kezel\u00e9sek, gy\u00f3gyszerek \u00e9s ter\u00e1pi\u00e1k magas k\u00f6lts\u00e9gei tov\u00e1bb n\u00f6velik a kih\u00edv\u00e1sokat. Mi hisz\u00fcnk abban, hogy senkinek sem kellene egyed\u00fcl harcolnia ezekkel a neh\u00e9zs\u00e9gekkel. Alap\u00edtv\u00e1nyunk sz\u00edv\u00fcgye, hogy \u00f6sszefogjuk az embereket \u00e9s forr\u00e1sokat biztos\u00edtsunk azoknak, akik ritka betegs\u00e9gekkel k\u00fczdenek. Az adom\u00e1nyok \u00e9s t\u00e1mogat\u00e1sok r\u00e9v\u00e9n lehet\u0151s\u00e9get teremt\u00fcnk arra, hogy az \u00e9rintettek hozz\u00e1f\u00e9rhessenek a leg\u00fajabb kutat\u00e1si eredm\u00e9nyekhez, kezel\u00e9sekhez \u00e9s ter\u00e1pi\u00e1s lehet\u0151s\u00e9gekhez. Ezzel seg\u00edt\u00fcnk cs\u00f6kkenteni a betegek \u00e9s csal\u00e1djaik terheit, \u00e9s el\u0151seg\u00edtj\u00fck a jobb \u00e9letmin\u0151s\u00e9g el\u00e9r\u00e9s\u00e9t.<\/p>\n<p style=\"text-align: justify;\">B\u00edzunk benne, hogy innovat\u00edv t\u00f6rekv\u00e9seink a lehet\u0151 legt\u00f6bb emberhez jutnak el, ezzel is megk\u00f6nny\u00edtve t\u00e1rsadalmunk mindennapjait.<\/p>\n<p style=\"text-align: justify;\"><span><br \/> <\/span><\/p>\n<p>[\/et_pb_text][\/et_pb_column_inner][\/et_pb_row_inner][\/et_pb_column][et_pb_column type=&#8221;1_2&#8243; _builder_version=&#8221;3.25&#8243; custom_padding=&#8221;|||&#8221; custom_padding__hover=&#8221;|||&#8221;][et_pb_image src=&#8221;https:\/\/inno-found.eu\/wp-content\/uploads\/2020\/04\/tele_medi_illustration.png&#8221; _builder_version=&#8221;4.4.3&#8243; width=&#8221;160%&#8221; module_alignment=&#8221;center&#8221; min_height=&#8221;445px&#8221; custom_margin=&#8221;-122px|||||&#8221; custom_margin_tablet=&#8221;&#8221; custom_margin_phone=&#8221;|||0px|false|false&#8221; custom_margin_last_edited=&#8221;on|phone&#8221; custom_padding=&#8221;85px|||||&#8221; custom_padding_tablet=&#8221;&#8221; custom_padding_phone=&#8221;85px|0px|70px|0px|false|false&#8221; custom_padding_last_edited=&#8221;on|phone&#8221; filter_hue_rotate=&#8221;344deg&#8221; filter_saturate=&#8221;74%&#8221;][\/et_pb_image][\/et_pb_column][\/et_pb_section][et_pb_section fb_built=&#8221;1&#8243; prev_background_color=&#8221;#ffffff&#8221; _builder_version=&#8221;4.4.3&#8243; background_color=&#8221;#1a1a1a&#8221; custom_margin=&#8221;0px||||false|false&#8221; custom_padding=&#8221;0px||0px||false|false&#8221; top_divider_style=&#8221;waves2&#8243; top_divider_height=&#8221;79px&#8221; top_divider_height_tablet=&#8221;&#8221; top_divider_height_phone=&#8221;39px&#8221; top_divider_height_last_edited=&#8221;on|phone&#8221;][et_pb_row column_structure=&#8221;1_2,1_2&#8243; custom_padding_last_edited=&#8221;on|phone&#8221; _builder_version=&#8221;4.4.3&#8243; custom_padding=&#8221;100px||0px|||&#8221; custom_padding_tablet=&#8221;&#8221; custom_padding_phone=&#8221;60px||0px||false|false&#8221;][et_pb_column type=&#8221;1_2&#8243; _builder_version=&#8221;4.4.3&#8243;][et_pb_text _builder_version=&#8221;4.4.3&#8243; text_font=&#8221;Lato|700|||||||&#8221; text_text_color=&#8221;#34ecc9&#8243; text_font_size=&#8221;15px&#8221; header_font=&#8221;||||||||&#8221; custom_margin=&#8221;24px||6px||false|false&#8221; custom_padding=&#8221;||4px|||&#8221; animation_style=&#8221;fade&#8221;]<\/p>\n<p><span>OSZLOPOS TAGJAINK<\/span><\/p>\n<p>[\/et_pb_text][et_pb_text _builder_version=&#8221;4.4.3&#8243; text_text_color=&#8221;#1a1a1a&#8221; header_font=&#8221;Abel|700|||||||&#8221; header_text_color=&#8221;#333333&#8243; header_2_font=&#8221;Nunito||||||||&#8221; header_2_text_color=&#8221;#ffffff&#8221; header_2_font_size=&#8221;37px&#8221; custom_margin=&#8221;||36px||false|false&#8221; custom_margin_tablet=&#8221;&#8221; custom_margin_phone=&#8221;||-60px||false|false&#8221; custom_margin_last_edited=&#8221;on|phone&#8221; custom_padding=&#8221;0px||||false|false&#8221; animation_style=&#8221;fade&#8221; animation_delay=&#8221;250ms&#8221;]<\/p>\n<h2>SZERVEZET\u00dcNK TAGJAI<\/h2>\n<p>[\/et_pb_text][\/et_pb_column][et_pb_column type=&#8221;1_2&#8243; _builder_version=&#8221;4.4.3&#8243;][\/et_pb_column][\/et_pb_row][\/et_pb_section][et_pb_section fb_built=&#8221;1&#8243; custom_padding_last_edited=&#8221;on|phone&#8221; _builder_version=&#8221;4.4.3&#8243; background_color=&#8221;#1a1a1a&#8221; custom_margin=&#8221;||||false|false&#8221; custom_padding=&#8221;0px||259px||false|false&#8221; custom_padding_tablet=&#8221;&#8221; custom_padding_phone=&#8221;0px||190px||false|false&#8221;][et_pb_row column_structure=&#8221;1_3,1_3,1_3&#8243; _builder_version=&#8221;4.2.2&#8243;][et_pb_column type=&#8221;1_3&#8243; _builder_version=&#8221;4.2.2&#8243;][et_pb_team_member name=&#8221;Szatm\u00e1ri Tibor&#8221; position=&#8221;Kurat\u00f3riumi Eln\u00f6k&#8221; image_url=&#8221;https:\/\/inno-found.eu\/wp-content\/uploads\/2020\/03\/Tibi_3.png&#8221; facebook_url=&#8221;https:\/\/www.facebook.com\/tibor.szatmari&#8221; linkedin_url=&#8221;https:\/\/hu.linkedin.com\/in\/tiborszatmari&#8221; icon_color=&#8221;#34ecc9&#8243; _builder_version=&#8221;4.4.3&#8243; header_font=&#8221;Nunito|600|||||||&#8221; header_text_align=&#8221;left&#8221; header_text_color=&#8221;#ffffff&#8221; header_font_size=&#8221;20px&#8221; header_line_height=&#8221;1.4em&#8221; body_font=&#8221;||||||||&#8221; body_text_align=&#8221;justify&#8221; body_text_color=&#8221;rgba(255,255,255,0.5)&#8221; body_font_size=&#8221;16px&#8221; body_line_height=&#8221;1.4em&#8221; position_font=&#8221;Nunito||||||||&#8221; position_text_color=&#8221;#34ecc9&#8243; position_line_height=&#8221;1em&#8221; background_color=&#8221;#1a1a1a&#8221; text_orientation=&#8221;left&#8221; custom_margin=&#8221;||0px|&#8221; custom_margin_tablet=&#8221;||24px||false|false&#8221; custom_margin_phone=&#8221;&#8221; custom_margin_last_edited=&#8221;on|phone&#8221; custom_padding=&#8221;40px|40px|40px|40px|true|true&#8221; animation_style=&#8221;zoom&#8221; animation_intensity_zoom=&#8221;8%&#8221; border_radii=&#8221;on|12px|12px|12px|12px&#8221; border_width_top=&#8221;4px&#8221; border_color_top=&#8221;#34ecc9&#8243; border_color_all_image=&#8221;#34ecc9&#8243; box_shadow_style=&#8221;preset1&#8243; box_shadow_vertical=&#8221;0px&#8221; box_shadow_blur=&#8221;52px&#8221; box_shadow_spread=&#8221;2px&#8221; box_shadow_color=&#8221;rgba(52,236,201,0.04)&#8221; icon_hover_color=&#8221;#f73145&#8243; icon_color__hover=&#8221;#f73145&#8243; icon_color__hover_enabled=&#8221;on&#8221;]<\/p>\n<p>Az alap\u00edtv\u00e1ny eln\u00f6kek\u00e9nt minden er\u0151mmel azon dolgozom, hogy az eg\u00e9szs\u00e9g\u00fcgyet t\u00e1mogat\u00f3 c\u00e9ljaink miel\u0151bb megval\u00f3sulhassanak.<\/p>\n<p>[\/et_pb_team_member][\/et_pb_column][et_pb_column type=&#8221;1_3&#8243; _builder_version=&#8221;4.2.2&#8243;][et_pb_team_member name=&#8221;Sz\u00e1nt\u00f3 Mikl\u00f3s&#8221; position=&#8221;Kurat\u00f3riumi Tag&#8221; image_url=&#8221;https:\/\/inno-found.eu\/wp-content\/uploads\/2020\/04\/00.png&#8221; facebook_url=&#8221;https:\/\/www.facebook.com\/miklos.szanto.14&#8243; linkedin_url=&#8221;https:\/\/www.linkedin.com\/in\/mikl%C3%B3s-p%C3%A9ter-sz%C3%A1nt%C3%B3\/&#8221; icon_color=&#8221;#34ecc9&#8243; _builder_version=&#8221;4.4.3&#8243; header_font=&#8221;Nunito|600|||||||&#8221; header_text_align=&#8221;left&#8221; header_text_color=&#8221;#ffffff&#8221; header_font_size=&#8221;20px&#8221; header_line_height=&#8221;1.4em&#8221; body_font=&#8221;||||||||&#8221; body_text_align=&#8221;justify&#8221; body_text_color=&#8221;rgba(255,255,255,0.5)&#8221; body_font_size=&#8221;16px&#8221; body_line_height=&#8221;1.4em&#8221; position_font=&#8221;Nunito||||||||&#8221; position_text_color=&#8221;#34ecc9&#8243; position_line_height=&#8221;1em&#8221; background_color=&#8221;#1a1a1a&#8221; text_orientation=&#8221;left&#8221; custom_margin=&#8221;||0px||false|false&#8221; custom_margin_tablet=&#8221;||24px||false|false&#8221; custom_margin_phone=&#8221;&#8221; custom_margin_last_edited=&#8221;on|phone&#8221; custom_padding=&#8221;40px|40px|40px|40px|true|true&#8221; animation_style=&#8221;zoom&#8221; animation_intensity_zoom=&#8221;8%&#8221; border_radii=&#8221;on|12px|12px|12px|12px&#8221; border_width_top=&#8221;4px&#8221; border_color_top=&#8221;#34ecc9&#8243; border_color_all_image=&#8221;#34ecc9&#8243; box_shadow_style=&#8221;preset1&#8243; box_shadow_vertical=&#8221;0px&#8221; box_shadow_blur=&#8221;52px&#8221; box_shadow_spread=&#8221;2px&#8221; box_shadow_color=&#8221;rgba(52,236,201,0.04)&#8221; icon_hover_color=&#8221;#f73145&#8243; icon_color__hover=&#8221;#f73145&#8243; icon_color__hover_enabled=&#8221;on&#8221;]<\/p>\n<p><span>Kurat\u00f3riumi tagk\u00e9nt legfontosabb feladatom seg\u00edteni projektjeink megval\u00f3s\u00edt\u00e1s\u00e1nak sikeress\u00e9g\u00e9t, eredm\u00e9nyess\u00e9g\u00e9t.<br \/> <\/span><\/p>\n<p>[\/et_pb_team_member][\/et_pb_column][et_pb_column type=&#8221;1_3&#8243; _builder_version=&#8221;4.2.2&#8243;][et_pb_team_member name=&#8221;S\u00e9llei Levente&#8221; position=&#8221;Fejleszt\u00e9si Tan\u00e1csad\u00f3&#8221; image_url=&#8221;https:\/\/inno-found.eu\/wp-content\/uploads\/2020\/03\/Levi_3.png&#8221; facebook_url=&#8221;https:\/\/www.facebook.com\/levente.sellei&#8221; twitter_url=&#8221;https:\/\/twitter.com\/sellei_levente&#8221; linkedin_url=&#8221;https:\/\/www.linkedin.com\/in\/leventesellei\/&#8221; icon_color=&#8221;#34ecc9&#8243; _builder_version=&#8221;4.4.3&#8243; header_font=&#8221;Nunito|600|||||||&#8221; header_text_align=&#8221;left&#8221; header_text_color=&#8221;#ffffff&#8221; header_font_size=&#8221;20px&#8221; header_line_height=&#8221;1.4em&#8221; body_font=&#8221;||||||||&#8221; body_text_align=&#8221;justify&#8221; body_text_color=&#8221;rgba(255,255,255,0.5)&#8221; body_font_size=&#8221;16px&#8221; body_line_height=&#8221;1.4em&#8221; position_font=&#8221;Nunito||||||||&#8221; position_text_color=&#8221;#34ecc9&#8243; position_line_height=&#8221;1em&#8221; background_color=&#8221;#1a1a1a&#8221; text_orientation=&#8221;left&#8221; custom_margin=&#8221;||0px|&#8221; custom_padding=&#8221;40px|40px|40px|40px|true|true&#8221; animation_style=&#8221;zoom&#8221; animation_intensity_zoom=&#8221;8%&#8221; border_radii=&#8221;on|12px|12px|12px|12px&#8221; border_width_top=&#8221;4px&#8221; border_color_top=&#8221;#34ecc9&#8243; border_color_all_image=&#8221;#34ecc9&#8243; box_shadow_style=&#8221;preset1&#8243; box_shadow_vertical=&#8221;0px&#8221; box_shadow_blur=&#8221;52px&#8221; box_shadow_spread=&#8221;2px&#8221; box_shadow_color=&#8221;rgba(52,236,201,0.04)&#8221; icon_hover_color=&#8221;#f73145&#8243; icon_color__hover=&#8221;#f73145&#8243; icon_color__hover_enabled=&#8221;on&#8221;]<\/p>\n<p><span>Munk\u00e1mmal a p\u00e1ly\u00e1zatok kidolgoz\u00e1s\u00e1ban, illetve angol nyelv\u0171 tartalmak meg\u00edr\u00e1s\u00e1ban t\u00e1mogatom az alap\u00edtv\u00e1nyt.<br \/> <\/span><\/p>\n<p>[\/et_pb_team_member][\/et_pb_column][\/et_pb_row][\/et_pb_section]<\/p>\n","protected":false},"excerpt":{"rendered":"<p>R\u00d3LUNKMisszi\u00f3nkAlap\u00edtv\u00e1nyunk elt\u00f6k\u00e9lt sz\u00e1nd\u00e9ka, hogy innovat\u00edv megold\u00e1sok r\u00e9v\u00e9n sz\u00e1mos hasznos \u00faj\u00edt\u00e1s ker\u00fclhessen az eg\u00e9szs\u00e9g\u00fcgybe, amely megk\u00f6nny\u00edtheti vagy adott esetben meghosszabb\u00edthatja polg\u00e1rt\u00e1sraink \u00e9let\u00e9t. Nagy hangs\u00falyt fektet\u00fcnk a prevenci\u00f3ra, \u00e9s a korai diagnosztik\u00e1ra, ez\u00e9rt sz\u00e1mos kezdem\u00e9nyez\u00e9s\u00fcnkben szerepel okoseszk\u00f6z\u00f6k lehet\u0151s\u00e9geinek kiakn\u00e1z\u00e1sa. Ezen k\u00e9sz\u00fcl\u00e9kek haszn\u00e1l\u00f3i nem is gondoln\u00e1k, hogy egy ilyen technika ak\u00e1r \u00e9letment\u0151 is lehet. A diagnosztika ter\u00fclet\u00e9n folyamatosan [&hellip;]<\/p>\n","protected":false},"author":1,"featured_media":0,"parent":0,"menu_order":0,"comment_status":"closed","ping_status":"closed","template":"","meta":{"_et_pb_use_builder":"on","_et_pb_old_content":"","_et_gb_content_width":"","footnotes":""},"class_list":["post-67","page","type-page","status-publish","hentry"],"yoast_head":"<!-- This site is optimized with the Yoast SEO plugin v27.5 - https:\/\/yoast.com\/product\/yoast-seo-wordpress\/ -->\n<title>R\u00f3lunk - Innovative Research and Development for Health Care Non-profit Organisation<\/title>\n<meta name=\"robots\" content=\"index, follow, max-snippet:-1, max-image-preview:large, max-video-preview:-1\" \/>\n<link rel=\"canonical\" href=\"https:\/\/inno-found.eu\/hu\/rolunk\/\" \/>\n<meta property=\"og:locale\" content=\"hu_HU\" \/>\n<meta property=\"og:type\" content=\"article\" \/>\n<meta property=\"og:title\" content=\"R\u00f3lunk - Innovative Research and Development for Health Care Non-profit Organisation\" \/>\n<meta property=\"og:description\" content=\"R\u00d3LUNKMisszi\u00f3nkAlap\u00edtv\u00e1nyunk elt\u00f6k\u00e9lt sz\u00e1nd\u00e9ka, hogy innovat\u00edv megold\u00e1sok r\u00e9v\u00e9n sz\u00e1mos hasznos \u00faj\u00edt\u00e1s ker\u00fclhessen az eg\u00e9szs\u00e9g\u00fcgybe, amely megk\u00f6nny\u00edtheti vagy adott esetben meghosszabb\u00edthatja polg\u00e1rt\u00e1sraink \u00e9let\u00e9t. Nagy hangs\u00falyt fektet\u00fcnk a prevenci\u00f3ra, \u00e9s a korai diagnosztik\u00e1ra, ez\u00e9rt sz\u00e1mos kezdem\u00e9nyez\u00e9s\u00fcnkben szerepel okoseszk\u00f6z\u00f6k lehet\u0151s\u00e9geinek kiakn\u00e1z\u00e1sa. Ezen k\u00e9sz\u00fcl\u00e9kek haszn\u00e1l\u00f3i nem is gondoln\u00e1k, hogy egy ilyen technika ak\u00e1r \u00e9letment\u0151 is lehet. A diagnosztika ter\u00fclet\u00e9n folyamatosan [&hellip;]\" \/>\n<meta property=\"og:url\" content=\"https:\/\/inno-found.eu\/hu\/rolunk\/\" \/>\n<meta property=\"og:site_name\" content=\"Innovative Research and Development for Health Care Non-profit Organisation\" \/>\n<meta property=\"article:modified_time\" content=\"2023-08-30T10:16:15+00:00\" \/>\n<meta name=\"twitter:card\" content=\"summary_large_image\" \/>\n<meta name=\"twitter:label1\" content=\"Becs\u00fclt olvas\u00e1si id\u0151\" \/>\n\t<meta name=\"twitter:data1\" content=\"8 perc\" \/>\n<script type=\"application\/ld+json\" class=\"yoast-schema-graph\">{\"@context\":\"https:\\\/\\\/schema.org\",\"@graph\":[{\"@type\":\"WebPage\",\"@id\":\"https:\\\/\\\/inno-found.eu\\\/hu\\\/rolunk\\\/\",\"url\":\"https:\\\/\\\/inno-found.eu\\\/hu\\\/rolunk\\\/\",\"name\":\"R\u00f3lunk - Innovative Research and Development for Health Care Non-profit Organisation\",\"isPartOf\":{\"@id\":\"https:\\\/\\\/inno-found.eu\\\/hu\\\/#website\"},\"datePublished\":\"2020-03-03T15:01:05+00:00\",\"dateModified\":\"2023-08-30T10:16:15+00:00\",\"breadcrumb\":{\"@id\":\"https:\\\/\\\/inno-found.eu\\\/hu\\\/rolunk\\\/#breadcrumb\"},\"inLanguage\":\"hu\",\"potentialAction\":[{\"@type\":\"ReadAction\",\"target\":[\"https:\\\/\\\/inno-found.eu\\\/hu\\\/rolunk\\\/\"]}]},{\"@type\":\"BreadcrumbList\",\"@id\":\"https:\\\/\\\/inno-found.eu\\\/hu\\\/rolunk\\\/#breadcrumb\",\"itemListElement\":[{\"@type\":\"ListItem\",\"position\":1,\"name\":\"Home\",\"item\":\"https:\\\/\\\/inno-found.eu\\\/hu\\\/\"},{\"@type\":\"ListItem\",\"position\":2,\"name\":\"R\u00f3lunk\"}]},{\"@type\":\"WebSite\",\"@id\":\"https:\\\/\\\/inno-found.eu\\\/hu\\\/#website\",\"url\":\"https:\\\/\\\/inno-found.eu\\\/hu\\\/\",\"name\":\"Innovative Research and Development for Health Care Non-profit Organisation\",\"description\":\"IT solutions in the Health Care Industry\",\"potentialAction\":[{\"@type\":\"SearchAction\",\"target\":{\"@type\":\"EntryPoint\",\"urlTemplate\":\"https:\\\/\\\/inno-found.eu\\\/hu\\\/?s={search_term_string}\"},\"query-input\":{\"@type\":\"PropertyValueSpecification\",\"valueRequired\":true,\"valueName\":\"search_term_string\"}}],\"inLanguage\":\"hu\"}]}<\/script>\n<!-- \/ Yoast SEO plugin. -->","yoast_head_json":{"title":"R\u00f3lunk - Innovative Research and Development for Health Care Non-profit Organisation","robots":{"index":"index","follow":"follow","max-snippet":"max-snippet:-1","max-image-preview":"max-image-preview:large","max-video-preview":"max-video-preview:-1"},"canonical":"https:\/\/inno-found.eu\/hu\/rolunk\/","og_locale":"hu_HU","og_type":"article","og_title":"R\u00f3lunk - Innovative Research and Development for Health Care Non-profit Organisation","og_description":"R\u00d3LUNKMisszi\u00f3nkAlap\u00edtv\u00e1nyunk elt\u00f6k\u00e9lt sz\u00e1nd\u00e9ka, hogy innovat\u00edv megold\u00e1sok r\u00e9v\u00e9n sz\u00e1mos hasznos \u00faj\u00edt\u00e1s ker\u00fclhessen az eg\u00e9szs\u00e9g\u00fcgybe, amely megk\u00f6nny\u00edtheti vagy adott esetben meghosszabb\u00edthatja polg\u00e1rt\u00e1sraink \u00e9let\u00e9t. Nagy hangs\u00falyt fektet\u00fcnk a prevenci\u00f3ra, \u00e9s a korai diagnosztik\u00e1ra, ez\u00e9rt sz\u00e1mos kezdem\u00e9nyez\u00e9s\u00fcnkben szerepel okoseszk\u00f6z\u00f6k lehet\u0151s\u00e9geinek kiakn\u00e1z\u00e1sa. Ezen k\u00e9sz\u00fcl\u00e9kek haszn\u00e1l\u00f3i nem is gondoln\u00e1k, hogy egy ilyen technika ak\u00e1r \u00e9letment\u0151 is lehet. A diagnosztika ter\u00fclet\u00e9n folyamatosan [&hellip;]","og_url":"https:\/\/inno-found.eu\/hu\/rolunk\/","og_site_name":"Innovative Research and Development for Health Care Non-profit Organisation","article_modified_time":"2023-08-30T10:16:15+00:00","twitter_card":"summary_large_image","twitter_misc":{"Becs\u00fclt olvas\u00e1si id\u0151":"8 perc"},"schema":{"@context":"https:\/\/schema.org","@graph":[{"@type":"WebPage","@id":"https:\/\/inno-found.eu\/hu\/rolunk\/","url":"https:\/\/inno-found.eu\/hu\/rolunk\/","name":"R\u00f3lunk - Innovative Research and Development for Health Care Non-profit Organisation","isPartOf":{"@id":"https:\/\/inno-found.eu\/hu\/#website"},"datePublished":"2020-03-03T15:01:05+00:00","dateModified":"2023-08-30T10:16:15+00:00","breadcrumb":{"@id":"https:\/\/inno-found.eu\/hu\/rolunk\/#breadcrumb"},"inLanguage":"hu","potentialAction":[{"@type":"ReadAction","target":["https:\/\/inno-found.eu\/hu\/rolunk\/"]}]},{"@type":"BreadcrumbList","@id":"https:\/\/inno-found.eu\/hu\/rolunk\/#breadcrumb","itemListElement":[{"@type":"ListItem","position":1,"name":"Home","item":"https:\/\/inno-found.eu\/hu\/"},{"@type":"ListItem","position":2,"name":"R\u00f3lunk"}]},{"@type":"WebSite","@id":"https:\/\/inno-found.eu\/hu\/#website","url":"https:\/\/inno-found.eu\/hu\/","name":"Innovative Research and Development for Health Care Non-profit Organisation","description":"IT solutions in the Health Care Industry","potentialAction":[{"@type":"SearchAction","target":{"@type":"EntryPoint","urlTemplate":"https:\/\/inno-found.eu\/hu\/?s={search_term_string}"},"query-input":{"@type":"PropertyValueSpecification","valueRequired":true,"valueName":"search_term_string"}}],"inLanguage":"hu"}]}},"_links":{"self":[{"href":"https:\/\/inno-found.eu\/hu\/wp-json\/wp\/v2\/pages\/67","targetHints":{"allow":["GET"]}}],"collection":[{"href":"https:\/\/inno-found.eu\/hu\/wp-json\/wp\/v2\/pages"}],"about":[{"href":"https:\/\/inno-found.eu\/hu\/wp-json\/wp\/v2\/types\/page"}],"author":[{"embeddable":true,"href":"https:\/\/inno-found.eu\/hu\/wp-json\/wp\/v2\/users\/1"}],"replies":[{"embeddable":true,"href":"https:\/\/inno-found.eu\/hu\/wp-json\/wp\/v2\/comments?post=67"}],"version-history":[{"count":16,"href":"https:\/\/inno-found.eu\/hu\/wp-json\/wp\/v2\/pages\/67\/revisions"}],"predecessor-version":[{"id":226305,"href":"https:\/\/inno-found.eu\/hu\/wp-json\/wp\/v2\/pages\/67\/revisions\/226305"}],"wp:attachment":[{"href":"https:\/\/inno-found.eu\/hu\/wp-json\/wp\/v2\/media?parent=67"}],"curies":[{"name":"wp","href":"https:\/\/api.w.org\/{rel}","templated":true}]}}